{"id":4657,"date":"2020-05-20T16:32:34","date_gmt":"2020-05-20T16:32:34","guid":{"rendered":"https:\/\/flpcorp.swissbix.com\/index\/faq\/"},"modified":"2023-06-19T14:42:40","modified_gmt":"2023-06-19T13:42:40","slug":"faq","status":"publish","type":"page","link":"https:\/\/flpsa.ch\/index\/de\/faq\/","title":{"rendered":"FAQ"},"content":{"rendered":"<div class=\"fusion-fullwidth fullwidth-box fusion-builder-row-1 has-pattern-background has-mask-background nonhundred-percent-fullwidth non-hundred-percent-height-scrolling\" style=\"--awb-background-position:left top;--awb-border-sizes-top:0px;--awb-border-sizes-bottom:0px;--awb-border-sizes-left:0px;--awb-border-sizes-right:0px;--awb-border-radius-top-left:0px;--awb-border-radius-top-right:0px;--awb-border-radius-bottom-right:0px;--awb-border-radius-bottom-left:0px;--awb-padding-top:0px;--awb-margin-top:0px;--awb-flex-wrap:wrap;\" ><div class=\"fusion-builder-row fusion-row\"><div class=\"fusion-layout-column fusion_builder_column fusion-builder-column-0 fusion_builder_column_1_2 1_2 fusion-one-half fusion-column-first\" style=\"--awb-padding-top:60px;--awb-padding-right:17%;--awb-padding-bottom:6%;--awb-padding-left:17%;--awb-bg-image:linear-gradient(180deg, rgba(0,0,0,0.7) 0%,rgba(0,0,0,0) 60%),url(https:\/\/flpsa.ch\/index\/wp-content\/uploads\/2023\/06\/galleria.jpg);;--awb-bg-position:center center;--awb-bg-size:cover;--awb-margin-bottom:6%;width:50%;width:calc(50% - ( ( 10% ) * 0.5 ) );margin-right: 10%;\" data-scroll-devices=\"small-visibility,medium-visibility,large-visibility\"><div class=\"fusion-column-wrapper fusion-column-has-shadow fusion-flex-column-wrapper-legacy fusion-column-has-bg-image\" data-bg-url=\"https:\/\/flpsa.ch\/index\/wp-content\/uploads\/2023\/06\/galleria.jpg\"><div class=\"fusion-text fusion-text-1\"><h1><span style=\"color: #ffffff;\"><strong>H\u00c4UFIG GESTELLTE FRAGEN<\/strong><\/span><\/h1>\n<\/div><div class=\"fusion-text fusion-text-2\"><p><span style=\"color: #ffffff;\">In diesem Teil der Webseite finden Sie eine Antwort auf die am h\u00e4ufigsten gestellten Fragen. Sollten Sie keine Antwort auf Ihre Frage finden, k\u00f6nnen Sie sich an unsere Betriebszentrale wenden oder via E-Mail an <a style=\"color: #ffffff;\" href=\"mailto:info@flpsa.ch\" target=\"_blank\" rel=\"noopener noreferrer\">info@flpsa.ch<\/a>. Wir werden Ihnen baldm\u00f6glichst per E-Mail antworten.<\/span><\/p>\n<\/div><div class=\"fusion-sep-clear\"><\/div><div class=\"fusion-separator fusion-full-width-sep\" style=\"margin-left: auto;margin-right: auto;margin-top:200px;width:100%;\"><\/div><div class=\"fusion-sep-clear\"><\/div><div class=\"fusion-clearfix\"><\/div><\/div><\/div><div class=\"fusion-layout-column fusion_builder_column fusion-builder-column-1 fusion_builder_column_1_2 1_2 fusion-one-half fusion-column-last\" style=\"--awb-padding-top:60px;--awb-bg-size:cover;--awb-margin-bottom:6%;width:50%;width:calc(50% - ( ( 10% ) * 0.5 ) );\"><div class=\"fusion-column-wrapper fusion-column-has-shadow fusion-flex-column-wrapper-legacy\"><div class=\"accordian fusion-accordian\" style=\"--awb-border-size:1px;--awb-icon-size:13px;--awb-content-font-size:16px;--awb-icon-alignment:left;--awb-hover-color:#f9f9f9;--awb-border-color:#cccccc;--awb-background-color:#ffffff;--awb-divider-color:#e0dede;--awb-divider-hover-color:#e0dede;--awb-icon-color:#ffffff;--awb-title-color:#333333;--awb-content-color:#646464;--awb-icon-box-color:#333333;--awb-toggle-hover-accent-color:#e95e0c;--awb-title-font-family:&quot;Roboto&quot;;--awb-title-font-weight:300;--awb-title-font-style:normal;--awb-title-font-size:15px;--awb-content-font-family:&quot;Roboto&quot;;--awb-content-font-style:normal;--awb-content-font-weight:regular;\"><div class=\"panel-group fusion-toggle-icon-boxed\" id=\"accordion-4657-1\"><div class=\"fusion-panel panel-default panel-8ed2e7403866a2ed1 fusion-toggle-has-divider\"><div class=\"panel-heading\"><h4 class=\"panel-title toggle\" id=\"toggle_8ed2e7403866a2ed1\"><a aria-expanded=\"false\" aria-controls=\"8ed2e7403866a2ed1\" role=\"button\" data-toggle=\"collapse\" data-parent=\"#accordion-4657-1\" data-target=\"#8ed2e7403866a2ed1\" href=\"#8ed2e7403866a2ed1\"><span class=\"fusion-toggle-icon-wrapper\" aria-hidden=\"true\"><i class=\"fa-fusion-box active-icon awb-icon-minus\" aria-hidden=\"true\"><\/i><i class=\"fa-fusion-box inactive-icon awb-icon-plus\" aria-hidden=\"true\"><\/i><\/span><span class=\"fusion-toggle-heading\">Verlorene Gegenst\u00e4nde, was tun und an wen sich wenden?<\/span><\/a><\/h4><\/div><div id=\"8ed2e7403866a2ed1\" class=\"panel-collapse collapse \" aria-labelledby=\"toggle_8ed2e7403866a2ed1\"><div class=\"panel-body toggle-content fusion-clearfix\">\n<p>T\u00e4glich finden die Verkehrsbetriebe verlorene Gegenst\u00e4nde, die f\u00fcr eine gewisse Zeit aufbewahrt werden, damit sie an die rechtm\u00e4ssigen Eigent\u00fcmer zur\u00fcckgegeben werden k\u00f6nnen. Es bestehen die folgenden M\u00f6glichkeiten:<\/p>\n<ul>\n<li>Der Fahrgast bemerkt sofort, dass er einen Gegenstand vergessen oder verloren hat: In diesen F\u00e4llen kann er sogleich die Betriebszentrale von Lugano anrufen (Tel. +41 (0)91 923 23 92) und darum bitten, dass eine diesbez\u00fcgliche Suche eingeleitet wird. Daf\u00fcr sollte, wenn m\u00f6glich, der Eisenbahnwagen und die Abfahrtszeit des benutzten Zuges angegeben werden.<\/li>\n<li>Der Fahrgast bemerkt erst sp\u00e4ter, dass er einen Gegenstand vergessen oder verloren hat: In diesem Fall sollte er die Betriebszentrale in Lugano anrufen (Tel. +41 (0)91 923 23 92) und so viele Angaben als m\u00f6glich machen, damit der Gegenstand identifiziert werden kann. Normalerweise werden die Gegenst\u00e4nde von den Lokf\u00fchrern am Ende ihrer Arbeitsschicht oder vom Reinigungspersonal am fr\u00fchen Morgen gefunden und dann an die Betriebszentrale weitergeleitet. Die Betriebszentrale benachrichtigt danach den Fahrgast telefonisch von der Auffindung des Gegenstands, der dann am Bahnhof von Lugano abgeholt werden kann. Sollte es sich um Wertgegenst\u00e4nde handeln so werden sie, wenn sich der rechtm\u00e4ssige Eigent\u00fcmer nicht meldet, nach zehn Tagen, dem Polizeiposten von Lugano \u00fcbergeben, der sie zusammen mit den in der Stadt verlorenen oder vergessenen Gegenst\u00e4nden verwaltet. Leider werden verlorene Wertgegenst\u00e4nde oft nicht wiedergefunden, da sie von anderen Fahrg\u00e4sten mitgenommen werden.<\/li>\n<\/ul>\n<\/div><\/div><\/div><div class=\"fusion-panel panel-default panel-a289c784ae9bcebf5 fusion-toggle-has-divider\"><div class=\"panel-heading\"><h4 class=\"panel-title toggle\" id=\"toggle_a289c784ae9bcebf5\"><a aria-expanded=\"false\" aria-controls=\"a289c784ae9bcebf5\" role=\"button\" data-toggle=\"collapse\" data-parent=\"#accordion-4657-1\" data-target=\"#a289c784ae9bcebf5\" href=\"#a289c784ae9bcebf5\"><span class=\"fusion-toggle-icon-wrapper\" aria-hidden=\"true\"><i class=\"fa-fusion-box active-icon awb-icon-minus\" aria-hidden=\"true\"><\/i><i class=\"fa-fusion-box inactive-icon awb-icon-plus\" aria-hidden=\"true\"><\/i><\/span><span class=\"fusion-toggle-heading\">Mit welcher H\u00e4ufigkeit fahren die Z\u00fcge morgens und um wieviel Uhr f\u00e4hrt der erste Zug nach Lugano?<\/span><\/a><\/h4><\/div><div id=\"a289c784ae9bcebf5\" class=\"panel-collapse collapse \" aria-labelledby=\"toggle_a289c784ae9bcebf5\"><div class=\"panel-body toggle-content fusion-clearfix\">Der erste Zug f\u00e4hrt von Ponte Tresa um 04.55 Uhr nach Lugano ab; an Werktagen (Montag-Freitag) alle 15 Minuten; Samstag, Sonntag und an den Feiertagen alle 30 Minuten.<\/div><\/div><\/div><div class=\"fusion-panel panel-default panel-2cfe7d0f27d8acc2a fusion-toggle-has-divider\"><div class=\"panel-heading\"><h4 class=\"panel-title toggle\" id=\"toggle_2cfe7d0f27d8acc2a\"><a aria-expanded=\"false\" aria-controls=\"2cfe7d0f27d8acc2a\" role=\"button\" data-toggle=\"collapse\" data-parent=\"#accordion-4657-1\" data-target=\"#2cfe7d0f27d8acc2a\" href=\"#2cfe7d0f27d8acc2a\"><span class=\"fusion-toggle-icon-wrapper\" aria-hidden=\"true\"><i class=\"fa-fusion-box active-icon awb-icon-minus\" aria-hidden=\"true\"><\/i><i class=\"fa-fusion-box inactive-icon awb-icon-plus\" aria-hidden=\"true\"><\/i><\/span><span class=\"fusion-toggle-heading\">Mit welcher H\u00e4ufigkeit fahren die Z\u00fcge abends und wann f\u00e4hrt der letzte Zug von Ponte Tresa nach Lugano und umgekehrt?<\/span><\/a><\/h4><\/div><div id=\"2cfe7d0f27d8acc2a\" class=\"panel-collapse collapse \" aria-labelledby=\"toggle_2cfe7d0f27d8acc2a\"><div class=\"panel-body toggle-content fusion-clearfix\">Abends fahren die Z\u00fcge alle 30 Minuten bis um 00.10 Uhr (ab Lugano) und bis 23.40 Uhr (ab Ponte Tresa); Freitag- und Samstagabend hat es zus\u00e4tzliche Fahrten um 01.20 Uhr (ab Lugano) und um 00.40 Uhr (ab Ponte Tresa).<\/div><\/div><\/div><div class=\"fusion-panel panel-default panel-3a657b105bf5d456e fusion-toggle-has-divider\"><div class=\"panel-heading\"><h4 class=\"panel-title toggle\" id=\"toggle_3a657b105bf5d456e\"><a aria-expanded=\"false\" aria-controls=\"3a657b105bf5d456e\" role=\"button\" data-toggle=\"collapse\" data-parent=\"#accordion-4657-1\" data-target=\"#3a657b105bf5d456e\" href=\"#3a657b105bf5d456e\"><span class=\"fusion-toggle-icon-wrapper\" aria-hidden=\"true\"><i class=\"fa-fusion-box active-icon awb-icon-minus\" aria-hidden=\"true\"><\/i><i class=\"fa-fusion-box inactive-icon awb-icon-plus\" aria-hidden=\"true\"><\/i><\/span><span class=\"fusion-toggle-heading\">Wo kann der Fahrplan konsultiert werden?<\/span><\/a><\/h4><\/div><div id=\"3a657b105bf5d456e\" class=\"panel-collapse collapse \" aria-labelledby=\"toggle_3a657b105bf5d456e\"><div class=\"panel-body toggle-content fusion-clearfix\">F\u00fcr Fragen welche die Fahrpl\u00e4ne f\u00fcr die ganze Schweiz betreffen, gehen Sie bitte auf die Webseite <a class=\"blu\" href=\"http:\/\/fahrplan.sbb.ch\/bin\/query.exe\/in?externalCall=yes&amp;DCSext.wt_fp_request=partner_mini\" target=\"_blank\" rel=\"noopener noreferrer\">sbb.ch<\/a><\/div><\/div><\/div><div class=\"fusion-panel panel-default panel-e0b8c828e35a934a3 fusion-toggle-has-divider\"><div class=\"panel-heading\"><h4 class=\"panel-title toggle\" id=\"toggle_e0b8c828e35a934a3\"><a aria-expanded=\"false\" aria-controls=\"e0b8c828e35a934a3\" role=\"button\" data-toggle=\"collapse\" data-parent=\"#accordion-4657-1\" data-target=\"#e0b8c828e35a934a3\" href=\"#e0b8c828e35a934a3\"><span class=\"fusion-toggle-icon-wrapper\" aria-hidden=\"true\"><i class=\"fa-fusion-box active-icon awb-icon-minus\" aria-hidden=\"true\"><\/i><i class=\"fa-fusion-box inactive-icon awb-icon-plus\" aria-hidden=\"true\"><\/i><\/span><span class=\"fusion-toggle-heading\">Wo erhalte ich alle Informationen betreffend die Arcobaleno-Abonnemente?<\/span><\/a><\/h4><\/div><div id=\"e0b8c828e35a934a3\" class=\"panel-collapse collapse \" aria-labelledby=\"toggle_e0b8c828e35a934a3\"><div class=\"panel-body toggle-content fusion-clearfix\">F\u00fcr alle Fragen betreffend Arcobaleno-Abonnemente, gehen Sie bitte auf die Webseite <a class=\"blu\" href=\"http:\/\/www.arcobaleno.ch\" target=\"_blank\" rel=\"noopener noreferrer\">arcobaleno.ch<\/a><\/div><\/div><\/div><div class=\"fusion-panel panel-default panel-963ff5ed013904dbf fusion-toggle-has-divider\"><div class=\"panel-heading\"><h4 class=\"panel-title toggle\" id=\"toggle_963ff5ed013904dbf\"><a aria-expanded=\"false\" aria-controls=\"963ff5ed013904dbf\" role=\"button\" data-toggle=\"collapse\" data-parent=\"#accordion-4657-1\" data-target=\"#963ff5ed013904dbf\" href=\"#963ff5ed013904dbf\"><span class=\"fusion-toggle-icon-wrapper\" aria-hidden=\"true\"><i class=\"fa-fusion-box active-icon awb-icon-minus\" aria-hidden=\"true\"><\/i><i class=\"fa-fusion-box inactive-icon awb-icon-plus\" aria-hidden=\"true\"><\/i><\/span><span class=\"fusion-toggle-heading\">Ist es m\u00f6glich mit Euro oder mit Kreditkarte zu bezahlen?<\/span><\/a><\/h4><\/div><div id=\"963ff5ed013904dbf\" class=\"panel-collapse collapse \" aria-labelledby=\"toggle_963ff5ed013904dbf\"><div class=\"panel-body toggle-content fusion-clearfix\">Alle Fahrkartenautomaten akzeptieren sowohl Euro als auch Schweizer Franken und sind mit einem Leseger\u00e4t f\u00fcr Kreditkarten ausgestattet. Im Bahnhof Lugano und beim Kiosk von Ponte Tresa befinden sich Verkaufsstellen der FLP.<\/div><\/div><\/div><div class=\"fusion-panel panel-default panel-ce20733d60fb6c8eb fusion-toggle-has-divider\"><div class=\"panel-heading\"><h4 class=\"panel-title toggle\" id=\"toggle_ce20733d60fb6c8eb\"><a aria-expanded=\"false\" aria-controls=\"ce20733d60fb6c8eb\" role=\"button\" data-toggle=\"collapse\" data-parent=\"#accordion-4657-1\" data-target=\"#ce20733d60fb6c8eb\" href=\"#ce20733d60fb6c8eb\"><span class=\"fusion-toggle-icon-wrapper\" aria-hidden=\"true\"><i class=\"fa-fusion-box active-icon awb-icon-minus\" aria-hidden=\"true\"><\/i><i class=\"fa-fusion-box inactive-icon awb-icon-plus\" aria-hidden=\"true\"><\/i><\/span><span class=\"fusion-toggle-heading\">Welche Geldst\u00fccke werden von den Fahrkartenautomaten akzeptiert?<\/span><\/a><\/h4><\/div><div id=\"ce20733d60fb6c8eb\" class=\"panel-collapse collapse \" aria-labelledby=\"toggle_ce20733d60fb6c8eb\"><div class=\"panel-body toggle-content fusion-clearfix\">Unsere Automaten akzeptieren kein Papiergeld, daf\u00fcr aber Geldst\u00fccke ab 10 Cent (EUR) resp. 10 Rappen (CHF).<\/div><\/div><\/div><div class=\"fusion-panel panel-default panel-a1184e5f62c2014d2 fusion-toggle-has-divider\"><div class=\"panel-heading\"><h4 class=\"panel-title toggle\" id=\"toggle_a1184e5f62c2014d2\"><a aria-expanded=\"false\" aria-controls=\"a1184e5f62c2014d2\" role=\"button\" data-toggle=\"collapse\" data-parent=\"#accordion-4657-1\" data-target=\"#a1184e5f62c2014d2\" href=\"#a1184e5f62c2014d2\"><span class=\"fusion-toggle-icon-wrapper\" aria-hidden=\"true\"><i class=\"fa-fusion-box active-icon awb-icon-minus\" aria-hidden=\"true\"><\/i><i class=\"fa-fusion-box inactive-icon awb-icon-plus\" aria-hidden=\"true\"><\/i><\/span><span class=\"fusion-toggle-heading\">Wenn man keine Geldst\u00fccke hat, wie sollte man sich verhalten?<\/span><\/a><\/h4><\/div><div id=\"a1184e5f62c2014d2\" class=\"panel-collapse collapse \" aria-labelledby=\"toggle_a1184e5f62c2014d2\"><div class=\"panel-body toggle-content fusion-clearfix\">\n<p>Keine Geldst\u00fccke zum Kauf einer Fahrkarte an einem Automaten zu haben, ist kein triftiger Grund, um bei einer Kontrolle keinen Zuschlag zahlen zu m\u00fcssen.<\/p>\n<\/div><\/div><\/div><div class=\"fusion-panel panel-default panel-5db7f76c5fe6f8655 fusion-toggle-has-divider\"><div class=\"panel-heading\"><h4 class=\"panel-title toggle\" id=\"toggle_5db7f76c5fe6f8655\"><a aria-expanded=\"false\" aria-controls=\"5db7f76c5fe6f8655\" role=\"button\" data-toggle=\"collapse\" data-parent=\"#accordion-4657-1\" data-target=\"#5db7f76c5fe6f8655\" href=\"#5db7f76c5fe6f8655\"><span class=\"fusion-toggle-icon-wrapper\" aria-hidden=\"true\"><i class=\"fa-fusion-box active-icon awb-icon-minus\" aria-hidden=\"true\"><\/i><i class=\"fa-fusion-box inactive-icon awb-icon-plus\" aria-hidden=\"true\"><\/i><\/span><span class=\"fusion-toggle-heading\">Was geschieht, wenn man ohne g\u00fcltige Fahrkarte in einem Zug reist?<\/span><\/a><\/h4><\/div><div id=\"5db7f76c5fe6f8655\" class=\"panel-collapse collapse \" aria-labelledby=\"toggle_5db7f76c5fe6f8655\"><div class=\"panel-body toggle-content fusion-clearfix\">Fahrg\u00e4ste, die ohne g\u00fcltige Fahrkarte im Zug reisen und in eine Kontrolle geraten m\u00fcssen einen Zuschlag bezahlen.<\/div><\/div><\/div><div class=\"fusion-panel panel-default panel-b2e640258739c376a fusion-toggle-has-divider\"><div class=\"panel-heading\"><h4 class=\"panel-title toggle\" id=\"toggle_b2e640258739c376a\"><a aria-expanded=\"false\" aria-controls=\"b2e640258739c376a\" role=\"button\" data-toggle=\"collapse\" data-parent=\"#accordion-4657-1\" data-target=\"#b2e640258739c376a\" href=\"#b2e640258739c376a\"><span class=\"fusion-toggle-icon-wrapper\" aria-hidden=\"true\"><i class=\"fa-fusion-box active-icon awb-icon-minus\" aria-hidden=\"true\"><\/i><i class=\"fa-fusion-box inactive-icon awb-icon-plus\" aria-hidden=\"true\"><\/i><\/span><span class=\"fusion-toggle-heading\">Ab welchem Alter m\u00fcssen Kinder bezahlen?<\/span><\/a><\/h4><\/div><div id=\"b2e640258739c376a\" class=\"panel-collapse collapse \" aria-labelledby=\"toggle_b2e640258739c376a\"><div class=\"panel-body toggle-content fusion-clearfix\">Kinder bis 6 Jahre fahren gratis, von 6 bis 16 Jahren zahlen sie den halben Preis.<\/div><\/div><\/div><div class=\"fusion-panel panel-default panel-2dc1bffb3ec672bd5 fusion-toggle-has-divider\"><div class=\"panel-heading\"><h4 class=\"panel-title toggle\" id=\"toggle_2dc1bffb3ec672bd5\"><a aria-expanded=\"false\" aria-controls=\"2dc1bffb3ec672bd5\" role=\"button\" data-toggle=\"collapse\" data-parent=\"#accordion-4657-1\" data-target=\"#2dc1bffb3ec672bd5\" href=\"#2dc1bffb3ec672bd5\"><span class=\"fusion-toggle-icon-wrapper\" aria-hidden=\"true\"><i class=\"fa-fusion-box active-icon awb-icon-minus\" aria-hidden=\"true\"><\/i><i class=\"fa-fusion-box inactive-icon awb-icon-plus\" aria-hidden=\"true\"><\/i><\/span><span class=\"fusion-toggle-heading\">Sind Fahrkarten f\u00fcr \u201eKurzstrecken\u201c auch in der FLP g\u00fcltig?<\/span><\/a><\/h4><\/div><div id=\"2dc1bffb3ec672bd5\" class=\"panel-collapse collapse \" aria-labelledby=\"toggle_2dc1bffb3ec672bd5\"><div class=\"panel-body toggle-content fusion-clearfix\">Fahrkarten f\u00fcr Kurzstrecken sind f\u00fcr Zugfahrten nicht g\u00fcltig.<\/div><\/div><\/div><div class=\"fusion-panel panel-default panel-78de1a7ebff23be43 fusion-toggle-has-divider\"><div class=\"panel-heading\"><h4 class=\"panel-title toggle\" id=\"toggle_78de1a7ebff23be43\"><a aria-expanded=\"false\" aria-controls=\"78de1a7ebff23be43\" role=\"button\" data-toggle=\"collapse\" data-parent=\"#accordion-4657-1\" data-target=\"#78de1a7ebff23be43\" href=\"#78de1a7ebff23be43\"><span class=\"fusion-toggle-icon-wrapper\" aria-hidden=\"true\"><i class=\"fa-fusion-box active-icon awb-icon-minus\" aria-hidden=\"true\"><\/i><i class=\"fa-fusion-box inactive-icon awb-icon-plus\" aria-hidden=\"true\"><\/i><\/span><span class=\"fusion-toggle-heading\">Das Arcobaleno-Abonnement ist f\u00fcr die gew\u00fcnschte FLP Haltestelle nicht g\u00fcltig?<\/span><\/a><\/h4><\/div><div id=\"78de1a7ebff23be43\" class=\"panel-collapse collapse \" aria-labelledby=\"toggle_78de1a7ebff23be43\"><div class=\"panel-body toggle-content fusion-clearfix\">Wer eine Fahrt \u00fcber die G\u00fcltigkeitszone seines Fahrausweises machen m\u00f6chte, die aber noch innerhalb des Tarifverbundes Tessin und Moesano liegt, muss eine Verbindungsfahrkarte ab G\u00fcltigkeitszonengrenze bis zur gew\u00fcnschten Haltestelle kaufen.<\/div><\/div><\/div><\/div><\/div><div class=\"fusion-clearfix\"><\/div><\/div><\/div><\/div><\/div>\n","protected":false},"excerpt":{"rendered":"","protected":false},"author":6,"featured_media":0,"parent":0,"menu_order":0,"comment_status":"closed","ping_status":"closed","template":"100-width.php","meta":{"_acf_changed":false,"footnotes":""},"class_list":["post-4657","page","type-page","status-publish","hentry"],"acf":[],"_links":{"self":[{"href":"https:\/\/flpsa.ch\/index\/de\/wp-json\/wp\/v2\/pages\/4657","targetHints":{"allow":["GET"]}}],"collection":[{"href":"https:\/\/flpsa.ch\/index\/de\/wp-json\/wp\/v2\/pages"}],"about":[{"href":"https:\/\/flpsa.ch\/index\/de\/wp-json\/wp\/v2\/types\/page"}],"author":[{"embeddable":true,"href":"https:\/\/flpsa.ch\/index\/de\/wp-json\/wp\/v2\/users\/6"}],"replies":[{"embeddable":true,"href":"https:\/\/flpsa.ch\/index\/de\/wp-json\/wp\/v2\/comments?post=4657"}],"version-history":[{"count":8,"href":"https:\/\/flpsa.ch\/index\/de\/wp-json\/wp\/v2\/pages\/4657\/revisions"}],"predecessor-version":[{"id":9382,"href":"https:\/\/flpsa.ch\/index\/de\/wp-json\/wp\/v2\/pages\/4657\/revisions\/9382"}],"wp:attachment":[{"href":"https:\/\/flpsa.ch\/index\/de\/wp-json\/wp\/v2\/media?parent=4657"}],"curies":[{"name":"wp","href":"https:\/\/api.w.org\/{rel}","templated":true}]}}