{"id":4666,"date":"2020-05-20T15:22:47","date_gmt":"2020-05-20T15:22:47","guid":{"rendered":"https:\/\/flpcorp.swissbix.com\/index\/museo\/"},"modified":"2020-06-23T14:30:36","modified_gmt":"2020-06-23T14:30:36","slug":"museum","status":"publish","type":"page","link":"https:\/\/flpsa.ch\/index\/de\/museum\/","title":{"rendered":"Museum"},"content":{"rendered":"<p><div class=\"fusion-fullwidth fullwidth-box fusion-builder-row-1 nonhundred-percent-fullwidth non-hundred-percent-height-scrolling fusion-equal-height-columns\" style=\"--awb-background-position:left top;--awb-border-radius-top-left:0px;--awb-border-radius-top-right:0px;--awb-border-radius-bottom-right:0px;--awb-border-radius-bottom-left:0px;--awb-padding-top:0px;--awb-margin-top:0px;--awb-border-sizes-top:0px;--awb-border-sizes-bottom:0px;--awb-flex-wrap:wrap;\" ><div class=\"fusion-builder-row fusion-row\"><div class=\"fusion-layout-column fusion_builder_column fusion-builder-column-0 fusion_builder_column_1_2 1_2 fusion-one-half fusion-column-first\" style=\"--awb-padding-top:60px;--awb-padding-right:17%;--awb-padding-bottom:6%;--awb-padding-left:17%;--awb-bg-image:linear-gradient(180deg, rgba(0,0,0,0.7) 0%,rgba(0,0,0,0) 60%),url(https:\/\/flpsa.ch\/index\/wp-content\/uploads\/2020\/03\/home3-1.jpg);;--awb-bg-position:center center;--awb-bg-size:cover;--awb-margin-bottom:6%;width:50%;width:calc(50% - ( ( 10% ) * 0.5 ) );margin-right: 10%;\"><div class=\"fusion-column-wrapper fusion-column-has-shadow fusion-flex-column-wrapper-legacy fusion-column-has-bg-image\" data-bg-url=\"https:\/\/flpsa.ch\/index\/wp-content\/uploads\/2020\/03\/home3-1.jpg\"><div class=\"fusion-text fusion-text-1\"><h1><span style=\"color: #ffffff;\"><strong>MUSEUM<\/strong><\/span><\/h1>\n<p><span style=\"color: #ffffff;\">Erleben Sie unsere Geschichte noch einmal mit uns.<\/span><\/p>\n<\/div><div class=\"fusion-clearfix\"><\/div><\/div><\/div><div class=\"fusion-layout-column fusion_builder_column fusion-builder-column-1 fusion_builder_column_1_2 1_2 fusion-one-half fusion-column-last fusion-column-no-min-height\" style=\"--awb-padding-top:60px;--awb-bg-size:cover;--awb-margin-bottom:6%;width:50%;width:calc(50% - ( ( 10% ) * 0.5 ) );\"><div class=\"fusion-column-wrapper fusion-column-has-shadow fusion-flex-column-wrapper-legacy\"><div class=\"fusion-text fusion-text-2\"><p>W\u00e4hrend der in Ponte Tresa im Jahre 2012 organisierten Feierlichkeiten, zum hundert-j\u00e4hrigen Bestehen des Betriebes, wurde im Erdgeschoss der Casa Zampini auch das <strong>Museum der Ferrovie Luganesi AG (FLP)<\/strong> eingeweiht. Vervollst\u00e4ndigt durch eine Reihe von Objekten und Dokumenten, fand das in den vergangenen Jahren gesammelte Material, das vorher schon im ersten Stock der Werkhalle von Agno ausgestellt wurde, auf einer Fl\u00e4che von mehr als 80 Quadratmeter ein neues Zuhause. Historische Dokumente, Pl\u00e4ne, Projekte, Fotografien, Verordnungen, Messinstrumente, Vorrichtungen, Arbeitsinstrumente, Zugskomponente, Zuleitungssysteme und vieles mehr wurden sorgf\u00e4ltig ausgew\u00e4hlt und dem Kurator, dem ehemaligen Betriebswerkleiter <strong>Franco Corecco<\/strong> \u00fcbergeben, der sich seit vielen Jahren leidenschaftlich mit der Geschichte der Eisenbahn besch\u00e4ftigt.<br \/>\nMit dieser Initiative m\u00f6chte die FLP ihre Vergangenheit hervorheben, und allen die Gelegenheit geben eine Reihe von Gegenst\u00e4nden und Tatsachen zu entdecken, welche die Entwicklung der Region im letzten Jahrhundert erl\u00e4utern und die Entschlossenheit zeigen, mit welcher die Eisenbahn zu dieser Zeit unterst\u00fctzt und gef\u00f6rdert wurde. Eine Eisenbahn, die sich im Laufe der Jahre zu einem immer wichtigeren Transportmittel entwickelte, was zu einer Verbesserung der Mobilit\u00e4t im unteren Malcantone f\u00fchrte.<\/p>\n<p>Es ist klar, dass ein Besuch des Museums durch die Anwesenheit von Personen, welche die Geschichte des Betriebes kennen und dar\u00fcber berichten k\u00f6nnen, noch interessanter wird. Darum beabsichtigen wir, die Ausstellung zu gewissen \u00d6ffnungszeiten durch die Anwesenheit von ehemaligen und jetzt pensionierten Mitarbeiten zu bereichern.<\/p>\n<p>F\u00fcr unseren Betrieb ist das Museum von unsch\u00e4tzbarem Wert: ein Zeugnis des Engagements aller Personen, die sich pers\u00f6nlich daf\u00fcr eingesetzt haben um der Bev\u00f6lkerung des unteren Malcantone eine wesentliche Dienstleistung zu garantieren.<\/p>\n<\/div><div class=\"fusion-clearfix\"><\/div><\/div><\/div><\/div><\/div><div class=\"fusion-fullwidth fullwidth-box fusion-builder-row-2 nonhundred-percent-fullwidth non-hundred-percent-height-scrolling fusion-equal-height-columns\" style=\"--awb-background-position:left top;--awb-border-radius-top-left:0px;--awb-border-radius-top-right:0px;--awb-border-radius-bottom-right:0px;--awb-border-radius-bottom-left:0px;--awb-padding-top:0px;--awb-margin-top:0px;--awb-border-sizes-top:0px;--awb-border-sizes-bottom:0px;--awb-flex-wrap:wrap;\" ><div class=\"fusion-builder-row fusion-row\"><div class=\"fusion-layout-column fusion_builder_column fusion-builder-column-2 fusion_builder_column_1_3 1_3 fusion-one-third fusion-column-first fusion-column-no-min-height\" style=\"--awb-padding-top:60px;--awb-bg-size:cover;--awb-margin-bottom:6%;width:33.333333333333%;width:calc(33.333333333333% - ( ( 10% + 4% ) * 0.33333333333333 ) );margin-right: 10%;\"><div class=\"fusion-column-wrapper fusion-column-has-shadow fusion-flex-column-wrapper-legacy\"><div class=\"awb-gallery-wrapper awb-gallery-wrapper-1 button-span-no\"><div style=\"margin:-5px;--awb-bordersize:0px;\" class=\"fusion-gallery fusion-gallery-container fusion-grid-1 fusion-columns-total-3 fusion-gallery-layout-grid fusion-gallery-1\"><div style=\"padding:5px;\" class=\"fusion-grid-column fusion-gallery-column fusion-gallery-column-1\"><div class=\"fusion-gallery-image fusion-gallery-image-liftup\"><a href=\"https:\/\/flpsa.ch\/index\/wp-content\/uploads\/2020\/05\/690x250px-header-MUSEO-02.jpg\" rel=\"noreferrer\" data-rel=\"iLightbox[gallery_image_1]\" class=\"fusion-lightbox\" target=\"_self\"><img decoding=\"async\" src=\"https:\/\/flpsa.ch\/index\/wp-content\/uploads\/2020\/05\/690x250px-header-MUSEO-02.jpg\" width=\"690\" height=\"250\" alt=\"\" title=\"690x250px-header-MUSEO-02\" aria-label=\"690x250px-header-MUSEO-02\" class=\"img-responsive wp-image-3879\" srcset=\"https:\/\/flpsa.ch\/index\/wp-content\/uploads\/2020\/05\/690x250px-header-MUSEO-02-200x72.jpg 200w, https:\/\/flpsa.ch\/index\/wp-content\/uploads\/2020\/05\/690x250px-header-MUSEO-02-400x145.jpg 400w, https:\/\/flpsa.ch\/index\/wp-content\/uploads\/2020\/05\/690x250px-header-MUSEO-02-600x217.jpg 600w, https:\/\/flpsa.ch\/index\/wp-content\/uploads\/2020\/05\/690x250px-header-MUSEO-02.jpg 690w\" sizes=\"(min-width: 2200px) 100vw, (min-width: 640px) 1400px, \" \/><\/a><\/div><\/div><div class=\"clearfix\"><\/div><div style=\"padding:5px;\" class=\"fusion-grid-column fusion-gallery-column fusion-gallery-column-1\"><div class=\"fusion-gallery-image fusion-gallery-image-liftup\"><a href=\"https:\/\/flpsa.ch\/index\/wp-content\/uploads\/2020\/05\/690x250px-header-MUSEO-01.jpg\" rel=\"noreferrer\" data-rel=\"iLightbox[gallery_image_1]\" class=\"fusion-lightbox\" target=\"_self\"><img decoding=\"async\" src=\"https:\/\/flpsa.ch\/index\/wp-content\/uploads\/2020\/05\/690x250px-header-MUSEO-01.jpg\" width=\"690\" height=\"250\" alt=\"\" title=\"690x250px-header-MUSEO-01\" aria-label=\"690x250px-header-MUSEO-01\" class=\"img-responsive wp-image-3880\" srcset=\"https:\/\/flpsa.ch\/index\/wp-content\/uploads\/2020\/05\/690x250px-header-MUSEO-01-200x72.jpg 200w, https:\/\/flpsa.ch\/index\/wp-content\/uploads\/2020\/05\/690x250px-header-MUSEO-01-400x145.jpg 400w, https:\/\/flpsa.ch\/index\/wp-content\/uploads\/2020\/05\/690x250px-header-MUSEO-01-600x217.jpg 600w, https:\/\/flpsa.ch\/index\/wp-content\/uploads\/2020\/05\/690x250px-header-MUSEO-01.jpg 690w\" sizes=\"(min-width: 2200px) 100vw, (min-width: 640px) 1400px, \" \/><\/a><\/div><\/div><div class=\"clearfix\"><\/div><div style=\"padding:5px;\" class=\"fusion-grid-column fusion-gallery-column fusion-gallery-column-1\"><div class=\"fusion-gallery-image fusion-gallery-image-liftup\"><a href=\"https:\/\/flpsa.ch\/index\/wp-content\/uploads\/2020\/05\/690x250px-header-MUSEO-03.jpg\" rel=\"noreferrer\" data-rel=\"iLightbox[gallery_image_1]\" class=\"fusion-lightbox\" target=\"_self\"><img decoding=\"async\" src=\"https:\/\/flpsa.ch\/index\/wp-content\/uploads\/2020\/05\/690x250px-header-MUSEO-03.jpg\" width=\"690\" height=\"250\" alt=\"\" title=\"690x250px-header-MUSEO-03\" aria-label=\"690x250px-header-MUSEO-03\" class=\"img-responsive wp-image-3881\" srcset=\"https:\/\/flpsa.ch\/index\/wp-content\/uploads\/2020\/05\/690x250px-header-MUSEO-03-200x72.jpg 200w, https:\/\/flpsa.ch\/index\/wp-content\/uploads\/2020\/05\/690x250px-header-MUSEO-03-400x145.jpg 400w, https:\/\/flpsa.ch\/index\/wp-content\/uploads\/2020\/05\/690x250px-header-MUSEO-03-600x217.jpg 600w, https:\/\/flpsa.ch\/index\/wp-content\/uploads\/2020\/05\/690x250px-header-MUSEO-03.jpg 690w\" sizes=\"(min-width: 2200px) 100vw, (min-width: 640px) 1400px, \" \/><\/a><\/div><\/div><div class=\"clearfix\"><\/div><\/div><\/div><div class=\"fusion-clearfix\"><\/div><\/div><\/div><div class=\"fusion-layout-column fusion_builder_column fusion-builder-column-3 fusion_builder_column_1_3 1_3 fusion-one-third fusion-column-no-min-height\" style=\"--awb-padding-top:60px;--awb-bg-size:cover;--awb-margin-bottom:6%;width:33.333333333333%;width:calc(33.333333333333% - ( ( 10% + 4% ) * 0.33333333333333 ) );margin-right: 4%;\"><div class=\"fusion-column-wrapper fusion-column-has-shadow fusion-flex-column-wrapper-legacy\"><div class=\"fusion-text fusion-text-3\"><h1><span style=\"color: #333333;\"><strong>INFORMATIONEN<\/strong><\/span><\/h1>\n<p>Das Museum der FLP ist ausserordentlich leicht zu erreichen, da es sich nur 10 Minuten zu Fuss von der Endstation der Eisenbahn und weniger als 5 Minuten vom Zoll befindet. Mit Reservierung ist es m\u00f6glich, das Museum der FLP auch an anderen Tagen und Zeiten zu besuchen. Bitte kontaktieren Sie daf\u00fcr die B\u00fcros der Direktion der Ferrovie Luganesi AG (FLP).<\/p>\n<p><strong>\u00d6ffnungszeiten jeden Dienstag und Freitag von 14.00 Uhr bis 17.00 Uhr. Eintritt frei.<br \/>\n<\/strong><strong>Schliessung im Winter, von Anfang November bis Ende M\u00e4rz.<\/strong><\/p>\n<h3><span style=\"color: #e95e0c;\"><strong>Hinweis: Das Museum ist bis auf Weiteres geschlossen.<\/strong><\/span><\/h3>\n<p><span style=\"color: #333333;\">\u00a0<\/span><\/p>\n<\/div><div class=\"fusion-clearfix\"><\/div><\/div><\/div><div class=\"fusion-layout-column fusion_builder_column fusion-builder-column-4 fusion_builder_column_1_3 1_3 fusion-one-third fusion-column-last fusion-column-no-min-height\" style=\"--awb-padding-top:60px;--awb-bg-size:cover;--awb-margin-bottom:6%;width:33.333333333333%;width:calc(33.333333333333% - ( ( 10% + 4% ) * 0.33333333333333 ) );\"><div class=\"fusion-column-wrapper fusion-column-has-shadow fusion-flex-column-wrapper-legacy\"><div class=\"fusion-text fusion-text-4\"><h1><span style=\"color: #333333;\"><strong>WO WIR SIND<br \/>\n<\/strong><\/span><\/h1>\n<p>Museo Ferrovie Luganesi<br \/>\nVicolo Ponte Vecchio 6<br \/>\nCH-6988 Ponte Tresa<\/p>\n<p><a href=\"tel:0041916051305\" target=\"_blank\" rel=\"noopener noreferrer\">+41 (0)91 605 13 05<\/a><br \/>\n<a href=\"mailto:info@flpsa.ch\">info@flpsa.ch<\/a><\/p>\n<p><span style=\"color: #333333;\">\u00a0<\/span><\/p>\n<\/div><div class=\"fusion-clearfix\"><\/div><\/div><\/div><\/div><\/div><\/p>\n","protected":false},"excerpt":{"rendered":"","protected":false},"author":6,"featured_media":0,"parent":0,"menu_order":0,"comment_status":"closed","ping_status":"closed","template":"100-width.php","meta":{"_acf_changed":false,"footnotes":""},"class_list":["post-4666","page","type-page","status-publish","hentry"],"acf":[],"_links":{"self":[{"href":"https:\/\/flpsa.ch\/index\/de\/wp-json\/wp\/v2\/pages\/4666","targetHints":{"allow":["GET"]}}],"collection":[{"href":"https:\/\/flpsa.ch\/index\/de\/wp-json\/wp\/v2\/pages"}],"about":[{"href":"https:\/\/flpsa.ch\/index\/de\/wp-json\/wp\/v2\/types\/page"}],"author":[{"embeddable":true,"href":"https:\/\/flpsa.ch\/index\/de\/wp-json\/wp\/v2\/users\/6"}],"replies":[{"embeddable":true,"href":"https:\/\/flpsa.ch\/index\/de\/wp-json\/wp\/v2\/comments?post=4666"}],"version-history":[{"count":5,"href":"https:\/\/flpsa.ch\/index\/de\/wp-json\/wp\/v2\/pages\/4666\/revisions"}],"predecessor-version":[{"id":4984,"href":"https:\/\/flpsa.ch\/index\/de\/wp-json\/wp\/v2\/pages\/4666\/revisions\/4984"}],"wp:attachment":[{"href":"https:\/\/flpsa.ch\/index\/de\/wp-json\/wp\/v2\/media?parent=4666"}],"curies":[{"name":"wp","href":"https:\/\/api.w.org\/{rel}","templated":true}]}}