{"id":4681,"date":"2020-05-15T10:52:35","date_gmt":"2020-05-15T10:52:35","guid":{"rendered":"https:\/\/flpcorp.swissbix.com\/index\/regolamento\/"},"modified":"2025-01-22T11:24:14","modified_gmt":"2025-01-22T10:24:14","slug":"verordnung","status":"publish","type":"page","link":"https:\/\/flpsa.ch\/index\/de\/verordnung\/","title":{"rendered":"Verordnung"},"content":{"rendered":"<p><div class=\"fusion-fullwidth fullwidth-box fusion-builder-row-1 nonhundred-percent-fullwidth non-hundred-percent-height-scrolling fusion-equal-height-columns\" style=\"--awb-background-position:left top;--awb-border-sizes-top:0px;--awb-border-sizes-bottom:0px;--awb-border-sizes-left:0px;--awb-border-sizes-right:0px;--awb-border-radius-top-left:0px;--awb-border-radius-top-right:0px;--awb-border-radius-bottom-right:0px;--awb-border-radius-bottom-left:0px;--awb-padding-top:0px;--awb-margin-top:0px;--awb-flex-wrap:wrap;\" ><div class=\"fusion-builder-row fusion-row\"><div class=\"fusion-layout-column fusion_builder_column fusion-builder-column-0 fusion_builder_column_1_2 1_2 fusion-one-half fusion-column-first\" style=\"--awb-padding-top:60px;--awb-padding-right:17%;--awb-padding-bottom:6%;--awb-padding-left:17%;--awb-bg-image:linear-gradient(180deg, rgba(0,0,0,0.7) 0%,rgba(0,0,0,0) 60%),url(https:\/\/flpsa.ch\/index\/wp-content\/uploads\/2023\/06\/regolamento2.jpg);;--awb-bg-position:center bottom;--awb-bg-size:cover;--awb-margin-bottom:6%;width:50%;width:calc(50% - ( ( 10% ) * 0.5 ) );margin-right: 10%;\" data-scroll-devices=\"small-visibility,medium-visibility,large-visibility\"><div class=\"fusion-column-wrapper fusion-column-has-shadow fusion-flex-column-wrapper-legacy fusion-column-has-bg-image\" data-bg-url=\"https:\/\/flpsa.ch\/index\/wp-content\/uploads\/2023\/06\/regolamento2.jpg\"><div class=\"fusion-text fusion-text-1\"><h1><span style=\"color: #ffffff;\"><strong>VERORDNUNG<\/strong><\/span><\/h1>\n<\/div><div class=\"fusion-clearfix\"><\/div><\/div><\/div><div class=\"fusion-layout-column fusion_builder_column fusion-builder-column-1 fusion_builder_column_1_2 1_2 fusion-one-half fusion-column-last fusion-column-no-min-height\" style=\"--awb-padding-top:60px;--awb-bg-size:cover;--awb-margin-bottom:6%;width:50%;width:calc(50% - ( ( 10% ) * 0.5 ) );\"><div class=\"fusion-column-wrapper fusion-column-has-shadow fusion-flex-column-wrapper-legacy\"><div class=\"fusion-text fusion-text-2\"><p>Allen Fahrg\u00e4sten die sich nicht an diese Verordnung oder die Anordnungen des Personals halten, kann der Fahrausweis entzogen werden. Strafbare Handlungen (Beschimpfungen, Drohungen und T\u00e4tlichkeiten) gegen das Fahrpersonal werden von Amtes wegen durch die Polizei verfolgt. Die Ferrovie Luganesi AG (FLP) beh\u00e4lt sich das Recht vor, Verweise und Verwarnungen auszustellen sowie Strafanzeige zu erstatten. Sie kann ausserdem Entsch\u00e4digung f\u00fcr Personen- und Sachsch\u00e4den verlangen und alle anderen m\u00f6glichen Massnahmen ergreifen, damit diese Verordnung und die in Kraft stehenden gesetzlichen Bestimmungen eingehalten und befolgt werden.<\/p>\n<p>Die Ferrovie Luganesi AG (FLP) ist verpflichtet Sicherheit, Komfort und Dienstleistungs-qualit\u00e4t anzubieten und ihr Bestes zu tun, um ein H\u00f6chstmass an Ordnung und Sauberkeit zu garantieren. Der Zugang zu den Z\u00fcgen ist nur Inhabern eines g\u00fcltigen Fahrausweises gestattet. Der Fahrausweis ist pers\u00f6nlich und ist bis zum Ende der Fahrt aufzubewahren. Er muss dem Zugspersonal auf Verlangen vorgewiesen werden.<\/p>\n<\/div><div class=\"fusion-clearfix\"><\/div><\/div><\/div><div class=\"fusion-layout-column fusion_builder_column fusion-builder-column-2 fusion_builder_column_1_1 1_1 fusion-one-full fusion-column-first fusion-column-last fusion-column-no-min-height\" style=\"--awb-bg-size:cover;--awb-margin-bottom:0px;\"><div class=\"fusion-column-wrapper fusion-column-has-shadow fusion-flex-column-wrapper-legacy\"><div class=\"fusion-sep-clear\"><\/div><div class=\"fusion-separator fusion-full-width-sep\" style=\"margin-left: auto;margin-right: auto;width:100%;\"><div class=\"fusion-separator-border sep-single sep-solid\" style=\"--awb-height:20px;--awb-amount:20px;border-color:#e0dede;border-top-width:1px;\"><\/div><\/div><div class=\"fusion-sep-clear\"><\/div><div class=\"fusion-clearfix\"><\/div><\/div><\/div><\/div><\/div><div class=\"fusion-fullwidth fullwidth-box fusion-builder-row-2 nonhundred-percent-fullwidth non-hundred-percent-height-scrolling fusion-equal-height-columns\" style=\"--awb-background-position:left top;--awb-border-sizes-top:0px;--awb-border-sizes-bottom:0px;--awb-border-sizes-left:0px;--awb-border-sizes-right:0px;--awb-border-radius-top-left:0px;--awb-border-radius-top-right:0px;--awb-border-radius-bottom-right:0px;--awb-border-radius-bottom-left:0px;--awb-padding-top:0px;--awb-margin-top:0px;--awb-flex-wrap:wrap;\" ><div class=\"fusion-builder-row fusion-row\"><div class=\"fusion-layout-column fusion_builder_column fusion-builder-column-3 fusion_builder_column_1_2 1_2 fusion-one-half fusion-column-first fusion-column-no-min-height\" style=\"--awb-padding-top:60px;--awb-bg-size:cover;--awb-margin-bottom:6%;width:50%;width:calc(50% - ( ( 10% ) * 0.5 ) );margin-right: 10%;\"><div class=\"fusion-column-wrapper fusion-column-has-shadow fusion-flex-column-wrapper-legacy\"><div class=\"fusion-text fusion-text-3\"><h1><span style=\"color: #333333;\"><strong>VERHALTEN DER FAHRG\u00c4STE<br \/>\n<\/strong><\/span><\/h1>\n<p><strong>\u00a0In den Z\u00fcgen, Bahnh\u00f6fen und an den Haltestellen FLP ist es verboten:<\/strong><\/p>\n<ul>\n<li>Andere Benutzer oder das Fahrpersonal zu bel\u00e4stigen, zu st\u00f6ren und sich diesen gegen\u00fcber unh\u00f6flich oder unversch\u00e4mt zu benehmen;<\/li>\n<li>Laute Musik zu h\u00f6ren, zu schreien, Musik zu machen, zu singen oder anderen L\u00e4rm zu verursachen, der die Ruhe st\u00f6ren k\u00f6nnte;<\/li>\n<li>Strukturen und\/oder Anlagen mit Zeichnungen oder Inschriften zu verunstalten, Sch\u00e4den zu verursachen und\/oder Akte von Vandalismus zu begehen;<\/li>\n<li>Ohne Erlaubnis Plakate anzubringen, Werbung zu machen sowie Ware und\/oder Flugbl\u00e4tter zu verteilen;<\/li>\n<li>Veranstaltungen, Kundgebungen oder Vorstellungen zu halten, Strassenmusik zu machen, Kollekten und Unterschriftensammlungen zu organisieren sowie zu betteln;<\/li>\n<li>Getr\u00e4nke oder Speisen zu verzehren und dabei die Wagen oder die Bahnh\u00f6fe zu ver-schmutzen, sowie Flaschen und Abf\u00e4lle auf den Boden zu werfen und\/oder zu deponieren;<\/li>\n<li>Im Innern der Z\u00fcge und der Warter\u00e4ume zu rauchen;<\/li>\n<li>Die T\u00fcren auf irgendwelche Art zu blockieren;<\/li>\n<li>Sich auf den Boden, auf die Treppen oder die Bahnsteigkanten zu setzen oder zu legen;<\/li>\n<li>Die F\u00fcsse auf die Sitze und Sitzb\u00e4nke zu legen ohne diese zu sch\u00fctzen;<\/li>\n<li>Ausserhalb der daf\u00fcr vorgesehenen Bereiche mit Fahrr\u00e4dern, Mopeds, Rollern, Motorr\u00e4dern, Skateboards, Rollschuhen und \u00c4hnlichem zu fahren und\/oder diese abzustellen;<\/li>\n<li>Hunde nicht angeleint oder andere Tiere ohne K\u00e4fige, K\u00f6rbe oder andere geeignete Beh\u00e4lter zu transportieren. Es ist ausserdem verboten, Hunde frei laufen zu lassen;<\/li>\n<li>In den Toiletten gegen die Anstandsregeln zu verstossen;<\/li>\n<li>Die Transportmittel in betrunkenem Zustand oder unter Drogeneinfluss zu betreten (Art. 22 Absatz 1 PBG).<\/li>\n<\/ul>\n<p><strong>Die Verf\u00fcgungen des Personals der FLP m\u00fcssen immer befolgt werden.<\/strong><br \/>\nWir danken Ihnen f\u00fcr Ihr Verst\u00e4ndnis.<\/p>\n<\/div><div class=\"fusion-clearfix\"><\/div><\/div><\/div><div class=\"fusion-layout-column fusion_builder_column fusion-builder-column-4 fusion_builder_column_1_2 1_2 fusion-one-half fusion-column-last fusion-column-no-min-height\" style=\"--awb-padding-top:60px;--awb-bg-size:cover;--awb-margin-bottom:6%;width:50%;width:calc(50% - ( ( 10% ) * 0.5 ) );\"><div class=\"fusion-column-wrapper fusion-column-has-shadow fusion-flex-column-wrapper-legacy\"><div class=\"fusion-text fusion-text-4\"><h1><span style=\"color: #333333;\"><strong>FAHRKARTEN<\/strong><\/span><\/h1>\n<p>Die FLP wendet die Verordnungen des Tarifverbundes Tessin und Moesano &#8211; Arcobaleno-Tarifverbund (<a href=\"http:\/\/www.arcobaleno.ch\/fileUpload\/downloads\/93\/TIA%20651.17%20U.pdf\" target=\"_blank\" rel=\"noopener noreferrer\">TIA 651.17<\/a>) an.<\/p>\n<ul>\n<li>Der Fahrgast ist verpflichtet, dem Kontrollpersonal jederzeit seine Fahrkarte vorzuweisen, damit deren G\u00fcltigkeit gepr\u00fcft werden kann. Falls ein Fahrgast ohne Fahrkarte reist, so muss er seine Personalien angeben und wenn m\u00f6glich einen Ausweis vorzeigen.<\/li>\n<li>F\u00e4hrg\u00e4ste, die im Besitz einer Fahrkarte sind, die jedoch nicht den genutzten Dienstleistungen entspricht, m\u00fcssen einen Zuschlag von\u00a0<strong>CHF 70.-<\/strong> <strong>+<\/strong> <strong>CHF 5.-<\/strong> f\u00fcr eine Pauschalfahrkarte bezahlen.<\/li>\n<li>Fahrg\u00e4ste ohne g\u00fcltigen Fahrausweis, oder solche, die im Besitz einer zu entwertenden Fahrkarte sind, die jedoch nicht entwertet wurde, m\u00fcssen einen Zuschlag von\u00a0<strong>CHF 90.-, + CHF 10.-<\/strong> f\u00fcr eine Pauschalfahrkarte bezahlen.<\/li>\n<li>F\u00fcr alle weiteren administrativen Inkassoverfahren beh\u00e4lt sich die zust\u00e4ndige Dienststelle das Recht vor, eine Geb\u00fchr von\u00a0<strong>CHF 20.-<\/strong> in Rechnung zu stellen.<\/li>\n<li>Inhaber eines pers\u00f6nlichen Abonnements m\u00fcssen sich mit dem Zuschlagsdokument und dem g\u00fcltigen Fahrausweis <strong>innert 10 Tagen<\/strong> an eine der folgenden Stellen begeben:<br \/>\n&#8211; der Fahrkartenausgabe FLP Lugano,<br \/>\n&#8211; einer Poststelle,<br \/>\n&#8211; der Postauto-Verkaufsstelle Lugano, in Via Balestra 4 (Parkhaus)<br \/>\nIn diesem Fall muss der Inhaber, um den Zuschlag zu annullieren und die Verwaltungskosten zu decken, eine Geb\u00fchr von\u00a0<strong>CHF 5.-<\/strong> bezahlen.<br \/>\nFalls schon eine Rechnung an die Wohnadresse geschickt wurde, so betr\u00e4gt diese Geb\u00fchr <strong>CHF 30.-<\/strong>.<\/li>\n<li>Fahrr\u00e4der k\u00f6nnen mit den Z\u00fcgen der FLP nur dann bef\u00f6rdert werden, wenn gen\u00fcgend Platz vorhanden ist und zuvor eine Fahrkarte zum halben Preis f\u00fcr die gew\u00fcnschte Zone gekauft wurde.<\/li>\n<\/ul>\n<\/div><div class=\"fusion-clearfix\"><\/div><\/div><\/div><div class=\"fusion-layout-column fusion_builder_column fusion-builder-column-5 fusion_builder_column_1_1 1_1 fusion-one-full fusion-column-first fusion-column-last fusion-column-no-min-height\" style=\"--awb-bg-size:cover;--awb-margin-bottom:0px;\"><div class=\"fusion-column-wrapper fusion-column-has-shadow fusion-flex-column-wrapper-legacy\"><div class=\"fusion-sep-clear\"><\/div><div class=\"fusion-separator fusion-full-width-sep\" style=\"margin-left: auto;margin-right: auto;width:100%;\"><div class=\"fusion-separator-border sep-single sep-solid\" style=\"--awb-height:20px;--awb-amount:20px;border-color:#e0dede;border-top-width:1px;\"><\/div><\/div><div class=\"fusion-sep-clear\"><\/div><div class=\"fusion-clearfix\"><\/div><\/div><\/div><\/div><\/div><div class=\"fusion-fullwidth fullwidth-box fusion-builder-row-3 nonhundred-percent-fullwidth non-hundred-percent-height-scrolling fusion-equal-height-columns\" style=\"--awb-background-position:left top;--awb-border-sizes-top:0px;--awb-border-sizes-bottom:0px;--awb-border-sizes-left:0px;--awb-border-sizes-right:0px;--awb-border-radius-top-left:0px;--awb-border-radius-top-right:0px;--awb-border-radius-bottom-right:0px;--awb-border-radius-bottom-left:0px;--awb-padding-top:0px;--awb-margin-top:0px;--awb-flex-wrap:wrap;\" ><div class=\"fusion-builder-row fusion-row\"><div class=\"fusion-layout-column fusion_builder_column fusion-builder-column-6 fusion_builder_column_1_2 1_2 fusion-one-half fusion-column-first fusion-column-no-min-height\" style=\"--awb-padding-top:60px;--awb-bg-size:cover;--awb-margin-bottom:6%;width:50%;width:calc(50% - ( ( 10% ) * 0.5 ) );margin-right: 10%;\"><div class=\"fusion-column-wrapper fusion-column-has-shadow fusion-flex-column-wrapper-legacy\"><div class=\"fusion-text fusion-text-5\"><h1><span style=\"color: #333333;\"><strong>FAHRRADTRANSPORT<\/strong><\/span><\/h1>\n<ul>\n<li>Der Transport von Fahrr\u00e4dern ist in den Z\u00fcgen der Linie S60 FLP beschr\u00e4nkt autorisiert, mit Selbst Ladung und Abladung.<\/li>\n<li>Der Transport ist unter folgenden Bedingungen autorisiert:<\/li>\n<\/ul>\n<ol>\n<li>Ein g\u00fcltiges Transportticket gem\u00e4\u00df TIA-Tarif 651.17 besitzen, erm\u00e4\u00dfigter Fahrpreis f\u00fcr die zur\u00fcckgelegte Strecke.<\/li>\n<li>Der Transport von Fahrr\u00e4dern ist in den unten angegebenen Zeitfenstern untersagt.<\/li>\n<li>Der Transport von Fahrr\u00e4dern ist nur bei ausreichendem Platzangebot gestattet, wobei Benutzern, Rollst\u00fchlen, Kinderwagen usw. Vorrang gegeben wird.<\/li>\n<li>Fahrr\u00e4der d\u00fcrfen nur auf den daf\u00fcr vorgesehenen Pl\u00e4tzen transportiert werden.<\/li>\n<\/ol>\n<ul>\n<li>FLP \u00fcbernimmt keine Haftung f\u00fcr Sch\u00e4den, die Dritten oder Fahrr\u00e4dern entstehen.<\/li>\n<li>Wer ein Fahrrad transportiert, muss es so positionieren, dass der Ein- und Ausstieg der Benutzer nicht behindert wird und ein Fluchtweg gew\u00e4hrleistet ist.<\/li>\n<li>Das Fahrrad muss so gesichert sein, dass es sich w\u00e4hrend der Zugfahrt nicht bewegt.<\/li>\n<li>Eltern haben das Recht, Kleinkinderfahrr\u00e4der kostenlos zu verladen.<\/li>\n<li>Fahrr\u00e4der, die zusammengefaltet oder in einer Tasche transportiert werden, gelten als Handgep\u00e4ck und werden kostenlos transportiert.<\/li>\n<li>Der Transport von Fahrr\u00e4dern ist nicht gew\u00e4hrleistet. F\u00fcr den Fall, dass das Fahrrad aufgrund mangelnder Kapazit\u00e4t nicht transportiert werden kann, werden alle Anstrengungen unternommen, um es auf einer der folgenden Fahrten zu transportieren.<\/li>\n<li>Eine Reservierung f\u00fcr den Transport ist nicht erforderlich.<\/li>\n<li>F\u00fcr weitere Informationen k\u00f6nnen Sie sich an unsere Zentrale wenden.<\/li>\n<\/ul>\n<p><strong>\u00a0<\/strong><\/p>\n<p><strong>IN DEN ANGEGEBENEN ZEITEN IST DER TRANSPORT VERBOTEN:<\/strong><\/p>\n<p><strong>VON MONTAG BIS FREITAG:<\/strong><\/p>\n<p><strong>von 6.30 bis 8.30 Uhr<\/strong><\/p>\n<p><strong>und<\/strong><\/p>\n<p><strong>von 16:00 bis 19:30 Uhr<\/strong><\/p>\n<\/div><div class=\"fusion-clearfix\"><\/div><\/div><\/div><div class=\"fusion-layout-column fusion_builder_column fusion-builder-column-7 fusion_builder_column_1_2 1_2 fusion-one-half fusion-column-last fusion-column-no-min-height\" style=\"--awb-padding-top:60px;--awb-bg-size:cover;--awb-margin-bottom:6%;width:50%;width:calc(50% - ( ( 10% ) * 0.5 ) );\"><div class=\"fusion-column-wrapper fusion-column-has-shadow fusion-flex-column-wrapper-legacy\"><div class=\"fusion-text fusion-text-6\"><h1><strong><span style=\"color: #000000;\">VERORDNUNG ZUR SICHERHEIT VON REISENDEN<\/span><\/strong><\/h1>\n<p><strong>Um die Sicherheit in Z\u00fcgen und Bahnh\u00f6fen zu gew\u00e4hrleisten, ist Folgendes verboten:<\/strong><\/p>\n<ul>\n<li>Stationen mit gef\u00e4hrlichen Gegenst\u00e4nden betreten.<\/li>\n<li>Gegenst\u00e4nde auf die Gleise werfen.<\/li>\n<li>\u00dcber die Sicherheitslinien hinausgehen, den Tunnel betreten oder die Gleise \u00fcberqueren.<\/li>\n<li>Ein- und Aussteigen, wenn der Zug nicht vollst\u00e4ndig angehalten ist.<\/li>\n<li>Eing\u00e4nge, Durchg\u00e4nge und Zug\u00e4nge zu Fahrerkabinen versperren.<\/li>\n<li>Bei stehendem Zug und w\u00e4hrend der Fahrt sich an die T\u00fcren lehnen.<\/li>\n<li>Alarmger\u00e4te <u>in Tunneln<\/u> aktivieren.<\/li>\n<li style=\"list-style-type: none;\"><\/li>\n<\/ul>\n<p><strong>Verhalten bei pl\u00f6tzlichem Bremsen<\/strong><\/p>\n<p>Reisende sind verpflichtet, sich entsprechend auf den geeigneten St\u00fctzen zu st\u00fctzen, da es zu einer Notbremsung kommen kann.<\/p>\n<p><strong>Alarmen Ger\u00e4te und Meldung von Unregelm\u00e4\u00dfigkeiten<\/strong><\/p>\n<p>Bei Bedarf k\u00f6nnen Reisende:<\/p>\n<ul>\n<li>Das Bedienungspersonal kontaktieren<\/li>\n<li>Den Alarm an den Eingangsbahnsteigen (nicht im Tunnel) aktivieren, darauf warten dass der Zug anh\u00e4lt, und dann <u>dem Fahrer<\/u> den Grund f\u00fcr den Halt <u>mitteilen.<\/u><\/li>\n<\/ul>\n<p><strong>Evakuierung des Zuges<\/strong><\/p>\n<p>Im Falle eines Unfalls, eines Brandes oder einer St\u00f6rung <u>nach einer Evakuierungsansage<\/u> des Fahrers, k\u00f6nnen Reisende die Not\u00f6ffnung der T\u00fcren aktivieren und sich auf den Service-Bahnsteig begeben, um einen Sammelpunkt zu erreichen, von wo aus der Ersatzdienst erfolgt.<\/p>\n<p><strong>Unf\u00e4lle<\/strong><\/p>\n<p>Die Meldung von Unf\u00e4llen oder zur Inanspruchnahme von Hilfe muss zeitnah durch Kontaktaufnahme mit dem Bedienungspersonal erfolgen.<\/p>\n<p><strong>Video \u00dcberwachung<\/strong><\/p>\n<p>Zur Sicherheit der Reisenden werden die Bahnh\u00f6fe und Z\u00fcge Video \u00fcberwacht.<\/p>\n<\/div><div class=\"fusion-clearfix\"><\/div><\/div><\/div><div class=\"fusion-layout-column fusion_builder_column fusion-builder-column-8 fusion_builder_column_1_1 1_1 fusion-one-full fusion-column-first fusion-column-last fusion-column-no-min-height\" style=\"--awb-bg-size:cover;--awb-margin-bottom:0px;\"><div class=\"fusion-column-wrapper fusion-column-has-shadow fusion-flex-column-wrapper-legacy\"><div class=\"fusion-sep-clear\"><\/div><div class=\"fusion-separator fusion-full-width-sep\" style=\"margin-left: auto;margin-right: auto;width:100%;\"><div class=\"fusion-separator-border sep-single sep-solid\" style=\"--awb-height:20px;--awb-amount:20px;border-color:#e0dede;border-top-width:1px;\"><\/div><\/div><div class=\"fusion-sep-clear\"><\/div><div class=\"fusion-clearfix\"><\/div><\/div><\/div><\/div><\/div><\/p>\n","protected":false},"excerpt":{"rendered":"","protected":false},"author":6,"featured_media":0,"parent":0,"menu_order":0,"comment_status":"closed","ping_status":"closed","template":"100-width.php","meta":{"_acf_changed":false,"footnotes":""},"class_list":["post-4681","page","type-page","status-publish","hentry"],"acf":[],"_links":{"self":[{"href":"https:\/\/flpsa.ch\/index\/de\/wp-json\/wp\/v2\/pages\/4681","targetHints":{"allow":["GET"]}}],"collection":[{"href":"https:\/\/flpsa.ch\/index\/de\/wp-json\/wp\/v2\/pages"}],"about":[{"href":"https:\/\/flpsa.ch\/index\/de\/wp-json\/wp\/v2\/types\/page"}],"author":[{"embeddable":true,"href":"https:\/\/flpsa.ch\/index\/de\/wp-json\/wp\/v2\/users\/6"}],"replies":[{"embeddable":true,"href":"https:\/\/flpsa.ch\/index\/de\/wp-json\/wp\/v2\/comments?post=4681"}],"version-history":[{"count":9,"href":"https:\/\/flpsa.ch\/index\/de\/wp-json\/wp\/v2\/pages\/4681\/revisions"}],"predecessor-version":[{"id":10646,"href":"https:\/\/flpsa.ch\/index\/de\/wp-json\/wp\/v2\/pages\/4681\/revisions\/10646"}],"wp:attachment":[{"href":"https:\/\/flpsa.ch\/index\/de\/wp-json\/wp\/v2\/media?parent=4681"}],"curies":[{"name":"wp","href":"https:\/\/api.w.org\/{rel}","templated":true}]}}