{"id":5204,"date":"2020-07-08T13:44:48","date_gmt":"2020-07-08T13:44:48","guid":{"rendered":"https:\/\/flpsa.ch\/index\/?page_id=5204"},"modified":"2020-07-08T14:54:54","modified_gmt":"2020-07-08T14:54:54","slug":"musee","status":"publish","type":"page","link":"https:\/\/flpsa.ch\/index\/fr\/musee\/","title":{"rendered":"Mus\u00e9e"},"content":{"rendered":"<p><div class=\"fusion-fullwidth fullwidth-box fusion-builder-row-1 nonhundred-percent-fullwidth non-hundred-percent-height-scrolling fusion-equal-height-columns\" style=\"--awb-background-position:left top;--awb-border-radius-top-left:0px;--awb-border-radius-top-right:0px;--awb-border-radius-bottom-right:0px;--awb-border-radius-bottom-left:0px;--awb-padding-top:0px;--awb-margin-top:0px;--awb-border-sizes-top:0px;--awb-border-sizes-bottom:0px;--awb-flex-wrap:wrap;\" ><div class=\"fusion-builder-row fusion-row\"><div class=\"fusion-layout-column fusion_builder_column fusion-builder-column-0 fusion_builder_column_1_2 1_2 fusion-one-half fusion-column-first\" style=\"--awb-padding-top:60px;--awb-padding-right:17%;--awb-padding-bottom:6%;--awb-padding-left:17%;--awb-bg-image:linear-gradient(180deg, rgba(0,0,0,0.7) 0%,rgba(0,0,0,0) 60%),url(https:\/\/flpsa.ch\/index\/wp-content\/uploads\/2020\/03\/home3-1.jpg);;--awb-bg-position:center center;--awb-bg-size:cover;--awb-margin-bottom:6%;width:50%;width:calc(50% - ( ( 10% ) * 0.5 ) );margin-right: 10%;\"><div class=\"fusion-column-wrapper fusion-column-has-shadow fusion-flex-column-wrapper-legacy fusion-column-has-bg-image\" data-bg-url=\"https:\/\/flpsa.ch\/index\/wp-content\/uploads\/2020\/03\/home3-1.jpg\"><div class=\"fusion-text fusion-text-1\"><h1><span style=\"color: #ffffff;\"><strong>MUS\u00c9E<\/strong><\/span><\/h1>\n<p><span style=\"color: #ffffff;\">Revivez notre histoire avec nous.<\/span><\/p>\n<\/div><div class=\"fusion-clearfix\"><\/div><\/div><\/div><div class=\"fusion-layout-column fusion_builder_column fusion-builder-column-1 fusion_builder_column_1_2 1_2 fusion-one-half fusion-column-last fusion-column-no-min-height\" style=\"--awb-padding-top:60px;--awb-bg-size:cover;--awb-margin-bottom:6%;width:50%;width:calc(50% - ( ( 10% ) * 0.5 ) );\"><div class=\"fusion-column-wrapper fusion-column-has-shadow fusion-flex-column-wrapper-legacy\"><div class=\"fusion-text fusion-text-2\"><p>Le <strong>Mus\u00e9e de la Ferrovie Luganesi SA (FLP)<\/strong> a \u00e9t\u00e9 ouvert lors des manifestations organis\u00e9es pour la c\u00e9l\u00e9bration du centenaire de l&rsquo;entreprise en 2012, qui ont eu lieu au rez-de-chauss\u00e9e de la maison Zampini \u00e0 Ponte Tresa. Couvrant une surface de plus de 80 m2, le mat\u00e9riel avait d\u00e9j\u00e0 \u00e9t\u00e9 rassembl\u00e9 dans un espace situ\u00e9 au premier \u00e9tage de l&rsquo;atelier d&rsquo;Agno; il a maintenant \u00e9t\u00e9 enrichi d&rsquo;un ensemble d&rsquo;objets et de documents r\u00e9cemment r\u00e9cup\u00e9r\u00e9s. Documents historiques, plans, projets, photographies d&rsquo;\u00e9poque, r\u00e8glements, instruments de mesure, \u00e9quipements, outils de travail, composants de trains, syst\u00e8mes d&rsquo;alimentation et autres ont \u00e9t\u00e9 soigneusement s\u00e9lectionn\u00e9s et pr\u00e9sent\u00e9s au public par l&rsquo;ancien chef de d\u00e9p\u00f4t, <strong>M. Franco Corecco<\/strong>, qui, depuis de nombreuses ann\u00e9es, s\u2019occupait avec beaucoup de passion de l&rsquo;histoire du chemin de fer.<\/p>\n<p>Avec cette initiative, le FLP valorise son pass\u00e9 et permet de d\u00e9couvrir un certain nombre d&rsquo;\u00e9l\u00e9ments qui d\u00e9crivent l&rsquo;\u00e9volution de la situation r\u00e9gionale au si\u00e8cle dernier, mais aussi la d\u00e9termination avec laquelle le d\u00e9veloppement du chemin de fer a \u00e9t\u00e9 soutenue; chemin de fer qui est devenu, avec le temps, un moyen de transport de plus en plus important pour r\u00e9duire les probl\u00e8mes de mobilit\u00e9 dans le Basso Malcantone.<\/p>\n<p>De toute \u00e9vidence, la visite sera agr\u00e9ment\u00e9e par la pr\u00e9sence d&rsquo;anciens employ\u00e9s d\u00e9sormais \u00e0 la retraite et relatant l&rsquo;histoire de la soci\u00e9t\u00e9. Pour l&rsquo;entreprise, le mus\u00e9e a une valeur tr\u00e8s importante. C&rsquo;est le t\u00e9moignage de l&rsquo;engagement de tous les employ\u00e9s qui se sont fortement engag\u00e9s pour fournir un service essentiel \u00e0 la population du Basso Malcantone.<\/p>\n<\/div><div class=\"fusion-clearfix\"><\/div><\/div><\/div><\/div><\/div><div class=\"fusion-fullwidth fullwidth-box fusion-builder-row-2 nonhundred-percent-fullwidth non-hundred-percent-height-scrolling fusion-equal-height-columns\" style=\"--awb-background-position:left top;--awb-border-radius-top-left:0px;--awb-border-radius-top-right:0px;--awb-border-radius-bottom-right:0px;--awb-border-radius-bottom-left:0px;--awb-padding-top:0px;--awb-margin-top:0px;--awb-border-sizes-top:0px;--awb-border-sizes-bottom:0px;--awb-flex-wrap:wrap;\" ><div class=\"fusion-builder-row fusion-row\"><div class=\"fusion-layout-column fusion_builder_column fusion-builder-column-2 fusion_builder_column_1_3 1_3 fusion-one-third fusion-column-first fusion-column-no-min-height\" style=\"--awb-padding-top:60px;--awb-bg-size:cover;--awb-margin-bottom:6%;width:33.333333333333%;width:calc(33.333333333333% - ( ( 10% + 4% ) * 0.33333333333333 ) );margin-right: 10%;\"><div class=\"fusion-column-wrapper fusion-column-has-shadow fusion-flex-column-wrapper-legacy\"><div class=\"awb-gallery-wrapper awb-gallery-wrapper-1 button-span-no\"><div style=\"margin:-5px;--awb-bordersize:0px;\" class=\"fusion-gallery fusion-gallery-container fusion-grid-1 fusion-columns-total-3 fusion-gallery-layout-grid fusion-gallery-1\"><div style=\"padding:5px;\" class=\"fusion-grid-column fusion-gallery-column fusion-gallery-column-1\"><div class=\"fusion-gallery-image fusion-gallery-image-liftup\"><a href=\"https:\/\/flpsa.ch\/index\/wp-content\/uploads\/2020\/05\/690x250px-header-MUSEO-02.jpg\" rel=\"noreferrer\" data-rel=\"iLightbox[gallery_image_1]\" class=\"fusion-lightbox\" target=\"_self\"><img decoding=\"async\" src=\"https:\/\/flpsa.ch\/index\/wp-content\/uploads\/2020\/05\/690x250px-header-MUSEO-02.jpg\" width=\"690\" height=\"250\" alt=\"\" title=\"690x250px-header-MUSEO-02\" aria-label=\"690x250px-header-MUSEO-02\" class=\"img-responsive wp-image-3879\" srcset=\"https:\/\/flpsa.ch\/index\/wp-content\/uploads\/2020\/05\/690x250px-header-MUSEO-02-200x72.jpg 200w, https:\/\/flpsa.ch\/index\/wp-content\/uploads\/2020\/05\/690x250px-header-MUSEO-02-400x145.jpg 400w, https:\/\/flpsa.ch\/index\/wp-content\/uploads\/2020\/05\/690x250px-header-MUSEO-02-600x217.jpg 600w, https:\/\/flpsa.ch\/index\/wp-content\/uploads\/2020\/05\/690x250px-header-MUSEO-02.jpg 690w\" sizes=\"(min-width: 2200px) 100vw, (min-width: 640px) 1400px, \" \/><\/a><\/div><\/div><div class=\"clearfix\"><\/div><div style=\"padding:5px;\" class=\"fusion-grid-column fusion-gallery-column fusion-gallery-column-1\"><div class=\"fusion-gallery-image fusion-gallery-image-liftup\"><a href=\"https:\/\/flpsa.ch\/index\/wp-content\/uploads\/2020\/05\/690x250px-header-MUSEO-01.jpg\" rel=\"noreferrer\" data-rel=\"iLightbox[gallery_image_1]\" class=\"fusion-lightbox\" target=\"_self\"><img decoding=\"async\" src=\"https:\/\/flpsa.ch\/index\/wp-content\/uploads\/2020\/05\/690x250px-header-MUSEO-01.jpg\" width=\"690\" height=\"250\" alt=\"\" title=\"690x250px-header-MUSEO-01\" aria-label=\"690x250px-header-MUSEO-01\" class=\"img-responsive wp-image-3880\" srcset=\"https:\/\/flpsa.ch\/index\/wp-content\/uploads\/2020\/05\/690x250px-header-MUSEO-01-200x72.jpg 200w, https:\/\/flpsa.ch\/index\/wp-content\/uploads\/2020\/05\/690x250px-header-MUSEO-01-400x145.jpg 400w, https:\/\/flpsa.ch\/index\/wp-content\/uploads\/2020\/05\/690x250px-header-MUSEO-01-600x217.jpg 600w, https:\/\/flpsa.ch\/index\/wp-content\/uploads\/2020\/05\/690x250px-header-MUSEO-01.jpg 690w\" sizes=\"(min-width: 2200px) 100vw, (min-width: 640px) 1400px, \" \/><\/a><\/div><\/div><div class=\"clearfix\"><\/div><div style=\"padding:5px;\" class=\"fusion-grid-column fusion-gallery-column fusion-gallery-column-1\"><div class=\"fusion-gallery-image fusion-gallery-image-liftup\"><a href=\"https:\/\/flpsa.ch\/index\/wp-content\/uploads\/2020\/05\/690x250px-header-MUSEO-03.jpg\" rel=\"noreferrer\" data-rel=\"iLightbox[gallery_image_1]\" class=\"fusion-lightbox\" target=\"_self\"><img decoding=\"async\" src=\"https:\/\/flpsa.ch\/index\/wp-content\/uploads\/2020\/05\/690x250px-header-MUSEO-03.jpg\" width=\"690\" height=\"250\" alt=\"\" title=\"690x250px-header-MUSEO-03\" aria-label=\"690x250px-header-MUSEO-03\" class=\"img-responsive wp-image-3881\" srcset=\"https:\/\/flpsa.ch\/index\/wp-content\/uploads\/2020\/05\/690x250px-header-MUSEO-03-200x72.jpg 200w, https:\/\/flpsa.ch\/index\/wp-content\/uploads\/2020\/05\/690x250px-header-MUSEO-03-400x145.jpg 400w, https:\/\/flpsa.ch\/index\/wp-content\/uploads\/2020\/05\/690x250px-header-MUSEO-03-600x217.jpg 600w, https:\/\/flpsa.ch\/index\/wp-content\/uploads\/2020\/05\/690x250px-header-MUSEO-03.jpg 690w\" sizes=\"(min-width: 2200px) 100vw, (min-width: 640px) 1400px, \" \/><\/a><\/div><\/div><div class=\"clearfix\"><\/div><\/div><\/div><div class=\"fusion-clearfix\"><\/div><\/div><\/div><div class=\"fusion-layout-column fusion_builder_column fusion-builder-column-3 fusion_builder_column_1_3 1_3 fusion-one-third fusion-column-no-min-height\" style=\"--awb-padding-top:60px;--awb-bg-size:cover;--awb-margin-bottom:6%;width:33.333333333333%;width:calc(33.333333333333% - ( ( 10% + 4% ) * 0.33333333333333 ) );margin-right: 4%;\"><div class=\"fusion-column-wrapper fusion-column-has-shadow fusion-flex-column-wrapper-legacy\"><div class=\"fusion-text fusion-text-3\"><h1><span style=\"color: #333333;\"><strong>INFORMATIONS <\/strong><\/span><\/h1>\n<p>Le Mus\u00e9e FLP est tr\u00e8s facile \u00e0 rejoindre, en 10 minutes \u00e0 pied de la gare du chemin de fer et \u00e0 moins de 5 minutes de la fronti\u00e8re. Vous pouvez visiter le mus\u00e9e \u00e9galement lors des jours de fermeture sous condition de r\u00e9servation aupr\u00e8s des bureaux de la direction de la Ferrovie Luganesi SA.<\/p>\n<p><strong>Ouvert au public tous les mardis et vendredis de 14 h \u00e0 17 h. L&rsquo;entr\u00e9e est gratuite.<br \/>\n<\/strong><strong>Ferm\u00e9 en hiver, de novembre \u00e0 mars inclus.<\/strong><\/p>\n<h3><span style=\"color: #e95e0c;\"><strong>Remarque: le mus\u00e9e est ferm\u00e9 jusqu&rsquo;\u00e0 nouvel ordre.<\/strong><\/span><\/h3>\n<p><span style=\"color: #333333;\">\u00a0<\/span><\/p>\n<\/div><div class=\"fusion-clearfix\"><\/div><\/div><\/div><div class=\"fusion-layout-column fusion_builder_column fusion-builder-column-4 fusion_builder_column_1_3 1_3 fusion-one-third fusion-column-last fusion-column-no-min-height\" style=\"--awb-padding-top:60px;--awb-bg-size:cover;--awb-margin-bottom:6%;width:33.333333333333%;width:calc(33.333333333333% - ( ( 10% + 4% ) * 0.33333333333333 ) );\"><div class=\"fusion-column-wrapper fusion-column-has-shadow fusion-flex-column-wrapper-legacy\"><div class=\"fusion-text fusion-text-4\"><h1><span style=\"color: #333333;\"><strong>CONTACT<br \/>\n<\/strong><\/span><\/h1>\n<p>Museo Ferrovie Luganesi<br \/>\nVicolo Ponte Vecchio 6<br \/>\nCH-6988 Ponte Tresa<\/p>\n<p><a href=\"tel:0041916051305\" target=\"_blank\" rel=\"noopener noreferrer\">+41 (0)91 605 13 05<\/a><br \/>\n<a href=\"mailto:info@flpsa.ch\">info@flpsa.ch<\/a><\/p>\n<p><span style=\"color: #333333;\">\u00a0<\/span><\/p>\n<\/div><div class=\"fusion-clearfix\"><\/div><\/div><\/div><\/div><\/div><\/p>\n","protected":false},"excerpt":{"rendered":"","protected":false},"author":6,"featured_media":0,"parent":0,"menu_order":0,"comment_status":"closed","ping_status":"closed","template":"100-width.php","meta":{"_acf_changed":false,"footnotes":""},"class_list":["post-5204","page","type-page","status-publish","hentry"],"acf":[],"_links":{"self":[{"href":"https:\/\/flpsa.ch\/index\/fr\/wp-json\/wp\/v2\/pages\/5204","targetHints":{"allow":["GET"]}}],"collection":[{"href":"https:\/\/flpsa.ch\/index\/fr\/wp-json\/wp\/v2\/pages"}],"about":[{"href":"https:\/\/flpsa.ch\/index\/fr\/wp-json\/wp\/v2\/types\/page"}],"author":[{"embeddable":true,"href":"https:\/\/flpsa.ch\/index\/fr\/wp-json\/wp\/v2\/users\/6"}],"replies":[{"embeddable":true,"href":"https:\/\/flpsa.ch\/index\/fr\/wp-json\/wp\/v2\/comments?post=5204"}],"version-history":[{"count":5,"href":"https:\/\/flpsa.ch\/index\/fr\/wp-json\/wp\/v2\/pages\/5204\/revisions"}],"predecessor-version":[{"id":5241,"href":"https:\/\/flpsa.ch\/index\/fr\/wp-json\/wp\/v2\/pages\/5204\/revisions\/5241"}],"wp:attachment":[{"href":"https:\/\/flpsa.ch\/index\/fr\/wp-json\/wp\/v2\/media?parent=5204"}],"curies":[{"name":"wp","href":"https:\/\/api.w.org\/{rel}","templated":true}]}}