{"id":5216,"date":"2020-07-08T13:49:42","date_gmt":"2020-07-08T13:49:42","guid":{"rendered":"https:\/\/flpsa.ch\/index\/?page_id=5216"},"modified":"2026-04-03T12:51:12","modified_gmt":"2026-04-03T11:51:12","slug":"parkride","status":"publish","type":"page","link":"https:\/\/flpsa.ch\/index\/fr\/parkride\/","title":{"rendered":"Park&#038;Ride"},"content":{"rendered":"<div class=\"fusion-fullwidth fullwidth-box fusion-builder-row-1 nonhundred-percent-fullwidth non-hundred-percent-height-scrolling fusion-equal-height-columns\" style=\"--awb-background-position:left top;--awb-border-sizes-top:0px;--awb-border-sizes-bottom:0px;--awb-border-sizes-left:0px;--awb-border-sizes-right:0px;--awb-border-radius-top-left:0px;--awb-border-radius-top-right:0px;--awb-border-radius-bottom-right:0px;--awb-border-radius-bottom-left:0px;--awb-padding-top:0px;--awb-margin-top:0px;--awb-flex-wrap:wrap;\" ><div class=\"fusion-builder-row fusion-row\"><div class=\"fusion-layout-column fusion_builder_column fusion-builder-column-0 fusion_builder_column_1_2 1_2 fusion-one-half fusion-column-first\" style=\"--awb-padding-top:60px;--awb-padding-right:17%;--awb-padding-bottom:6%;--awb-padding-left:17%;--awb-bg-image:linear-gradient(180deg, rgba(0,0,0,0.7) 0%,rgba(0,0,0,0) 60%),url(https:\/\/flpsa.ch\/index\/wp-content\/uploads\/2020\/05\/690x250px-header-PR.jpg);;--awb-bg-size:cover;--awb-margin-bottom:6%;width:50%;width:calc(50% - ( ( 5% + 4% ) * 0.5 ) );margin-right: 5%;\"><div class=\"fusion-column-wrapper fusion-column-has-shadow fusion-flex-column-wrapper-legacy fusion-column-has-bg-image\" data-bg-url=\"https:\/\/flpsa.ch\/index\/wp-content\/uploads\/2020\/05\/690x250px-header-PR.jpg\"><div class=\"fusion-text fusion-text-1\"><h1><span style=\"color: #ffffff;\"><strong>PARK&amp;RIDE<\/strong><\/span><\/h1>\n<p><span style=\"color: #ffffff;\">Pratique et \u00e9conomique.<\/span><\/p>\n<\/div><div class=\"fusion-sep-clear\"><\/div><div class=\"fusion-separator fusion-full-width-sep\" style=\"margin-left: auto;margin-right: auto;margin-top:15px;width:100%;\"><\/div><div class=\"fusion-sep-clear\"><\/div><div class=\"fusion-alignleft\"><a class=\"fusion-button button-flat fusion-button-default-size button-default fusion-button-default button-1 fusion-button-default-span fusion-button-default-type fusion-animated\" data-animationType=\"fadeInDown\" data-animationDuration=\"0.5\" data-animationOffset=\"top-into-view\" target=\"lightbox\" rel=\"iLightbox\" href=\"https:\/\/flpsa.ch\/index\/wp-content\/uploads\/2026\/04\/FLP-2026-brochure-PR_x-WEB-1.pdf\"><span class=\"fusion-button-text awb-button__text awb-button__text--default\">T\u00e9l\u00e9charger la brochure d\u00e9taill\u00e9e<\/span><\/a><\/div><div class=\"fusion-clearfix\"><\/div><\/div><\/div><div class=\"fusion-layout-column fusion_builder_column fusion-builder-column-1 fusion_builder_column_1_4 1_4 fusion-one-fourth fusion-column-no-min-height\" style=\"--awb-padding-top:60px;--awb-bg-size:cover;--awb-margin-bottom:6%;width:25%;width:calc(25% - ( ( 5% + 4% ) * 0.25 ) );margin-right: 4%;\"><div class=\"fusion-column-wrapper fusion-column-has-shadow fusion-flex-column-wrapper-legacy\"><div class=\"fusion-text fusion-text-2\"><p>Pour faciliter l&rsquo;utilisation du train, FLP propose des parkings relais (P+R) accessibles tous les jours de la semaine. Le paiement du stationnement s&rsquo;effectue via l&rsquo;application Parkingpay (CHF ou EUR).<\/p>\n<p>Les abonn\u00e9s Arcobaleno et CFF peuvent acheter des forfaits (hebdomadaires, mensuels et annuels) directement via l&rsquo;application Parkingpay.<\/p>\n<p>Le forfait ne garantit pas de place de parking r\u00e9serv\u00e9e.<\/p>\n<\/div><div class=\"fusion-clearfix\"><\/div><\/div><\/div><div class=\"fusion-layout-column fusion_builder_column fusion-builder-column-2 fusion_builder_column_1_4 1_4 fusion-one-fourth fusion-column-last fusion-column-no-min-height\" style=\"--awb-padding-top:60px;--awb-bg-size:cover;--awb-margin-bottom:6%;width:25%;width:calc(25% - ( ( 5% + 4% ) * 0.25 ) );\"><div class=\"fusion-column-wrapper fusion-column-has-shadow fusion-flex-column-wrapper-legacy\"><div class=\"fusion-image-element in-legacy-container\" style=\"--awb-caption-title-font-family:var(--h2_typography-font-family);--awb-caption-title-font-weight:var(--h2_typography-font-weight);--awb-caption-title-font-style:var(--h2_typography-font-style);--awb-caption-title-size:var(--h2_typography-font-size);--awb-caption-title-transform:var(--h2_typography-text-transform);--awb-caption-title-line-height:var(--h2_typography-line-height);--awb-caption-title-letter-spacing:var(--h2_typography-letter-spacing);\"><span class=\" fusion-imageframe imageframe-none imageframe-1 hover-type-none\"><img decoding=\"async\" width=\"533\" height=\"714\" title=\"FLP_tariffe IT_mod gennaio 2024-3\" src=\"https:\/\/flpsa.ch\/index\/wp-content\/uploads\/2024\/01\/FLP_tariffe-IT_mod-gennaio-2024-3.jpg\" alt class=\"img-responsive wp-image-9742\" srcset=\"https:\/\/flpsa.ch\/index\/wp-content\/uploads\/2024\/01\/FLP_tariffe-IT_mod-gennaio-2024-3-200x268.jpg 200w, https:\/\/flpsa.ch\/index\/wp-content\/uploads\/2024\/01\/FLP_tariffe-IT_mod-gennaio-2024-3-400x536.jpg 400w, https:\/\/flpsa.ch\/index\/wp-content\/uploads\/2024\/01\/FLP_tariffe-IT_mod-gennaio-2024-3.jpg 533w\" sizes=\"(max-width: 1100px) 100vw, 400px\" \/><\/span><\/div><div class=\"fusion-clearfix\"><\/div><\/div><\/div><\/div><\/div>\n","protected":false},"excerpt":{"rendered":"","protected":false},"author":6,"featured_media":0,"parent":0,"menu_order":0,"comment_status":"closed","ping_status":"closed","template":"100-width.php","meta":{"_acf_changed":false,"footnotes":""},"class_list":["post-5216","page","type-page","status-publish","hentry"],"acf":[],"_links":{"self":[{"href":"https:\/\/flpsa.ch\/index\/fr\/wp-json\/wp\/v2\/pages\/5216","targetHints":{"allow":["GET"]}}],"collection":[{"href":"https:\/\/flpsa.ch\/index\/fr\/wp-json\/wp\/v2\/pages"}],"about":[{"href":"https:\/\/flpsa.ch\/index\/fr\/wp-json\/wp\/v2\/types\/page"}],"author":[{"embeddable":true,"href":"https:\/\/flpsa.ch\/index\/fr\/wp-json\/wp\/v2\/users\/6"}],"replies":[{"embeddable":true,"href":"https:\/\/flpsa.ch\/index\/fr\/wp-json\/wp\/v2\/comments?post=5216"}],"version-history":[{"count":11,"href":"https:\/\/flpsa.ch\/index\/fr\/wp-json\/wp\/v2\/pages\/5216\/revisions"}],"predecessor-version":[{"id":12056,"href":"https:\/\/flpsa.ch\/index\/fr\/wp-json\/wp\/v2\/pages\/5216\/revisions\/12056"}],"wp:attachment":[{"href":"https:\/\/flpsa.ch\/index\/fr\/wp-json\/wp\/v2\/media?parent=5216"}],"curies":[{"name":"wp","href":"https:\/\/api.w.org\/{rel}","templated":true}]}}