{"id":8925,"date":"2022-09-21T13:57:58","date_gmt":"2022-09-21T12:57:58","guid":{"rendered":"https:\/\/flpsa.ch\/index\/175-anni\/"},"modified":"2022-09-29T15:05:11","modified_gmt":"2022-09-29T14:05:11","slug":"175-ans","status":"publish","type":"page","link":"https:\/\/flpsa.ch\/index\/fr\/175-ans\/","title":{"rendered":"175 ans de chemins de fer suisses"},"content":{"rendered":"<p><div class=\"fusion-fullwidth fullwidth-box fusion-builder-row-1 fusion-flex-container has-pattern-background has-mask-background nonhundred-percent-fullwidth non-hundred-percent-height-scrolling\" style=\"--awb-background-position:left top;--awb-border-sizes-top:0px;--awb-border-sizes-bottom:0px;--awb-border-sizes-left:0px;--awb-border-sizes-right:0px;--awb-border-radius-top-left:0px;--awb-border-radius-top-right:0px;--awb-border-radius-bottom-right:0px;--awb-border-radius-bottom-left:0px;--awb-padding-top:0px;--awb-margin-top:50px;--awb-margin-bottom:0px;--awb-flex-wrap:wrap;\" ><div class=\"fusion-builder-row fusion-row fusion-flex-align-items-center fusion-flex-content-wrap\" style=\"max-width:1456px;margin-left: calc(-4% \/ 2 );margin-right: calc(-4% \/ 2 );\"><div class=\"fusion-layout-column fusion_builder_column fusion-builder-column-0 fusion_builder_column_5_6 5_6 fusion-flex-column fusion-flex-align-self-flex-start fusion-column-no-min-height\" style=\"--awb-bg-size:cover;--awb-width-large:83.333333333333%;--awb-margin-top-large:0px;--awb-spacing-right-large:2.304%;--awb-margin-bottom-large:20px;--awb-spacing-left-large:2.304%;--awb-width-medium:100%;--awb-order-medium:0;--awb-spacing-right-medium:1.92%;--awb-spacing-left-medium:1.92%;--awb-width-small:100%;--awb-order-small:0;--awb-spacing-right-small:1.92%;--awb-spacing-left-small:1.92%;\"><div class=\"fusion-column-wrapper fusion-column-has-shadow fusion-flex-justify-content-flex-start fusion-content-layout-column\"><div class=\"fusion-text fusion-text-1\" style=\"--awb-font-size:60px;\"><h1><strong><span style=\"color: #000000;\">175 ans de chemins de fer suisses:<br \/>\nnos remerciements.<\/span><\/strong><\/h1>\n<\/div><div class=\"fusion-text fusion-text-2\"><p>Il y a 175\u00a0ans, le 9 ao\u00fbt 1847, la mise en fonction de la premi\u00e8re ligne ferroviaire suisse, appel\u00e9e \u00ab\u00a0Spanisch-Br\u00f6tli-Bahn\u00a0\u00bb (ligne du petit pain espagnol), entre Zurich et Baden (AG), permettait de r\u00e9duire consid\u00e9rablement le temps de parcours: il ne fallait plus que 45 minutes de train, contre 3\u00a0heures de cal\u00e8che, pour effectuer un trajet de 22,5\u00a0kilom\u00e8tres.<\/p>\n<p>Un sacr\u00e9 anniversaire pour notre pays, d\u2019autant plus que, depuis lors, les transports publics ont consid\u00e9rablement \u00e9volu\u00e9 pour proposer aujourd\u2019hui un r\u00e9seau de correspondances parfaitement coordonn\u00e9es &#8211; par exemple entre les bus, les trains et les remont\u00e9es m\u00e9caniques &#8211; dans toutes les r\u00e9gions de la Suisse.<\/p>\n<\/div><div class=\"fusion-separator fusion-full-width-sep\" style=\"align-self: center;margin-left: auto;margin-right: auto;margin-top:10px;width:100%;\"><\/div><div ><a class=\"fusion-button button-flat fusion-button-default-size button-default fusion-button-default button-1 fusion-button-default-span fusion-button-default-type\" target=\"_blank\" rel=\"noopener noreferrer\" href=\"https:\/\/flpsa.ch\/index\/wp-content\/uploads\/2022\/09\/FLP_redazionale-175-anni_FR_A4.pdf\"><span class=\"fusion-button-text awb-button__text awb-button__text--default\">Infos pratiques : Visite guid\u00e9e de l\u2019atelier<\/span><\/a><\/div><div class=\"fusion-separator fusion-full-width-sep\" style=\"align-self: center;margin-left: auto;margin-right: auto;margin-top:10px;width:100%;\"><\/div><div ><a class=\"fusion-button button-flat fusion-button-default-size button-default fusion-button-default button-2 fusion-button-default-span fusion-button-default-type\" target=\"_blank\" rel=\"noopener noreferrer\" href=\"https:\/\/175-ans.ch\/\"><span class=\"fusion-button-text awb-button__text awb-button__text--default\">Plus d\u2019informations sur 175-ans.ch<\/span><\/a><\/div><div class=\"fusion-separator fusion-full-width-sep\" style=\"align-self: center;margin-left: auto;margin-right: auto;margin-top:10px;width:100%;\"><\/div><div ><a class=\"fusion-button button-flat fusion-button-default-size button-default fusion-button-default button-3 fusion-button-default-span fusion-button-default-type\" target=\"_self\" href=\"\/index\/fr\/flp\/\"><span class=\"fusion-button-text awb-button__text awb-button__text--default\">Visitez la page d\u00e9di\u00e9e \u00e0 notre histoire<\/span><\/a><\/div><div class=\"fusion-separator fusion-full-width-sep\" style=\"align-self: center;margin-left: auto;margin-right: auto;margin-top:90px;width:100%;\"><\/div><\/div><\/div><div class=\"fusion-layout-column fusion_builder_column fusion-builder-column-1 fusion_builder_column_1_6 1_6 fusion-flex-column fusion-flex-align-self-flex-start fusion-column-no-min-height\" style=\"--awb-padding-right:10%;--awb-padding-left:10%;--awb-bg-size:cover;--awb-width-large:16.666666666667%;--awb-margin-top-large:0px;--awb-spacing-right-large:11.52%;--awb-margin-bottom-large:20px;--awb-spacing-left-large:11.52%;--awb-width-medium:100%;--awb-order-medium:0;--awb-spacing-right-medium:1.92%;--awb-spacing-left-medium:1.92%;--awb-width-small:100%;--awb-order-small:0;--awb-spacing-right-small:1.92%;--awb-spacing-left-small:1.92%;\"><div class=\"fusion-column-wrapper fusion-column-has-shadow fusion-flex-justify-content-flex-start fusion-content-layout-column\"><div class=\"fusion-image-element \" style=\"text-align:center;--awb-max-width:150px;--awb-caption-title-font-family:var(--h2_typography-font-family);--awb-caption-title-font-weight:var(--h2_typography-font-weight);--awb-caption-title-font-style:var(--h2_typography-font-style);--awb-caption-title-size:var(--h2_typography-font-size);--awb-caption-title-transform:var(--h2_typography-text-transform);--awb-caption-title-line-height:var(--h2_typography-line-height);--awb-caption-title-letter-spacing:var(--h2_typography-letter-spacing);\"><span class=\" fusion-imageframe imageframe-none imageframe-1 hover-type-none\"><img decoding=\"async\" width=\"1134\" height=\"1554\" title=\"175\" src=\"https:\/\/flpsa.ch\/index\/wp-content\/uploads\/2022\/09\/175.png\" alt class=\"img-responsive wp-image-8835\" srcset=\"https:\/\/flpsa.ch\/index\/wp-content\/uploads\/2022\/09\/175-200x274.png 200w, https:\/\/flpsa.ch\/index\/wp-content\/uploads\/2022\/09\/175-400x548.png 400w, https:\/\/flpsa.ch\/index\/wp-content\/uploads\/2022\/09\/175-600x822.png 600w, https:\/\/flpsa.ch\/index\/wp-content\/uploads\/2022\/09\/175-800x1096.png 800w, https:\/\/flpsa.ch\/index\/wp-content\/uploads\/2022\/09\/175.png 1134w\" sizes=\"(max-width: 1024px) 100vw, (max-width: 640px) 100vw, 200px\" \/><\/span><\/div><\/div><\/div><\/div><\/div><div class=\"fusion-bg-parallax\" data-bg-align=\"center center\" data-direction=\"up\" data-mute=\"false\" data-opacity=\"100\" data-velocity=\"-0.3\" data-mobile-enabled=\"true\" data-break_parents=\"0\" data-bg-image=\"https:\/\/flpsa.ch\/index\/wp-content\/uploads\/2021\/07\/casse19.jpg\" data-bg-repeat=\"false\" data-bg-gradient-type=\"linear\" data-bg-gradient-angle=\"180\" data-bg-gradient-start-color=\"rgba(112,112,112,0.8)\" data-bg-gradient-start-position=\"0\" data-bg-gradient-end-color=\"rgba(45,45,45,0.8)\" data-bg-gradient-end-position=\"100\" data-bg-radial-direction=\"center center\" ><\/div><div class=\"fusion-fullwidth fullwidth-box fusion-builder-row-2 has-pattern-background has-mask-background fusion-parallax-up nonhundred-percent-fullwidth non-hundred-percent-height-scrolling fusion-equal-height-columns\" style=\"--awb-border-sizes-top:0px;--awb-border-sizes-bottom:0px;--awb-border-sizes-left:0px;--awb-border-sizes-right:0px;--awb-border-radius-top-left:0px;--awb-border-radius-top-right:0px;--awb-border-radius-bottom-right:0px;--awb-border-radius-bottom-left:0px;--awb-padding-top:10%;--awb-padding-right:0px;--awb-padding-bottom:10%;--awb-padding-left:0px;--awb-background-image:linear-gradient(180deg, rgba(112,112,112,0.8) 0%,rgba(45,45,45,0.8) 100%),url(https:\/\/flpsa.ch\/index\/wp-content\/uploads\/2021\/07\/casse19.jpg);;--awb-background-size:cover;--awb-flex-wrap:wrap;\" ><div class=\"fusion-builder-row fusion-row\"><div class=\"fusion-layout-column fusion_builder_column fusion-builder-column-2 fusion_builder_column_1_4 1_4 fusion-one-fourth fusion-column-first\" style=\"--awb-padding-top:5%;--awb-padding-right:0px;--awb-padding-bottom:5%;--awb-padding-left:0px;--awb-bg-position:center center;--awb-bg-size:cover;width:25%;width:calc(25% - ( ( 0 + 0 ) * 0.25 ) );margin-right: 0px;\"><div class=\"fusion-column-wrapper fusion-column-has-shadow fusion-flex-column-wrapper-legacy\"><div class=\"fusion-clearfix\"><\/div><\/div><\/div><div class=\"fusion-layout-column fusion_builder_column fusion-builder-column-3 fusion_builder_column_1_2 1_2 fusion-one-half\" style=\"--awb-padding-top:2%;--awb-padding-right:6%;--awb-padding-bottom:6%;--awb-padding-left:6%;--awb-bg-color:rgba(233,94,12,0.9);--awb-bg-color-hover:rgba(233,94,12,0.9);--awb-bg-position:center center;--awb-bg-size:cover;width:50%;width:calc(50% - ( ( 0 + 0 ) * 0.5 ) );margin-right: 0px;\"><div class=\"fusion-column-wrapper fusion-column-has-shadow fusion-flex-column-wrapper-legacy\"><div class=\"fusion-menu-anchor\" id=\"video\"><\/div><div class=\"fusion-text fusion-text-3\"><h1 class=\"fusion-responsive-typography-calculated\" style=\"--fontsize: 35; line-height: 1.1;\" data-lineheight=\"38.5px\" data-fontsize=\"35\"><span style=\"color: #333333;\"><span style=\"color: #ffffff;\"><strong>DEPUIS 110 ANS<\/strong> SUR LES PISTES<\/span><\/span><\/h1>\n<\/div><div class=\"fusion-video fusion-vimeo\" style=\"--awb-max-width:600px;--awb-max-height:360px;\"><div class=\"video-shortcode\"><lite-vimeo videoid=\"715967509\" class=\"landscape\" params=\"autoplay=1autoplay=0&amp; rel = 0&amp;autopause=0\" title=\"Vimeo video player 1\" data-button-label=\"Play Video\"  width=\"600\" height=\"360\"><\/lite-vimeo><\/div><\/div><div class=\"fusion-clearfix\"><\/div><\/div><\/div><div class=\"fusion-layout-column fusion_builder_column fusion-builder-column-4 fusion_builder_column_1_4 1_4 fusion-one-fourth fusion-column-last\" style=\"--awb-padding-top:5%;--awb-padding-right:0px;--awb-padding-bottom:5%;--awb-padding-left:0px;--awb-bg-position:center center;--awb-bg-size:cover;width:25%;width:calc(25% - ( ( 0 + 0 ) * 0.25 ) );\"><div class=\"fusion-column-wrapper fusion-column-has-shadow fusion-flex-column-wrapper-legacy\"><div class=\"fusion-clearfix\"><\/div><\/div><\/div><\/div><\/div><div class=\"fusion-fullwidth fullwidth-box fusion-builder-row-3 has-pattern-background has-mask-background nonhundred-percent-fullwidth non-hundred-percent-height-scrolling fusion-equal-height-columns\" style=\"--awb-background-position:left top;--awb-border-sizes-top:0px;--awb-border-sizes-bottom:0px;--awb-border-sizes-left:0px;--awb-border-sizes-right:0px;--awb-border-radius-top-left:0px;--awb-border-radius-top-right:0px;--awb-border-radius-bottom-right:0px;--awb-border-radius-bottom-left:0px;--awb-padding-top:50px;--awb-margin-top:50px;--awb-margin-bottom:50px;--awb-flex-wrap:wrap;\" ><div class=\"fusion-builder-row fusion-row\"><div class=\"fusion-layout-column fusion_builder_column fusion-builder-column-5 fusion_builder_column_2_5 2_5 fusion-two-fifth fusion-column-first fusion-column-no-min-height\" style=\"--awb-bg-size:cover;width:40%;width:calc(40% - ( ( 4% ) * 0.4 ) );margin-right: 4%;\"><div class=\"fusion-column-wrapper fusion-column-has-shadow fusion-flex-column-wrapper-legacy\"><div class=\"fusion-text fusion-text-4\" style=\"--awb-font-size:60px;\"><h1><strong><span style=\"color: #000000;\">FOTOGALLERY<br \/>\n<\/span><\/strong><\/h1>\n<\/div><div class=\"fusion-sep-clear\"><\/div><div class=\"fusion-separator fusion-full-width-sep\" style=\"margin-left: auto;margin-right: auto;margin-top:40px;width:100%;\"><\/div><div class=\"fusion-sep-clear\"><\/div><div class=\"awb-gallery-wrapper awb-gallery-wrapper-1 button-span-no\" style=\"--more-btn-alignment:center;\"><div style=\"margin:-5px;--awb-bordersize:0px;\" class=\"fusion-gallery fusion-gallery-container fusion-grid-2 fusion-columns-total-8 fusion-gallery-layout-grid fusion-gallery-1\"><div style=\"padding:5px;\" class=\"fusion-grid-column fusion-gallery-column fusion-gallery-column-2\"><div class=\"fusion-gallery-image fusion-gallery-image-liftup\"><a href=\"https:\/\/flpsa.ch\/index\/wp-content\/uploads\/2020\/05\/690x250px-header-STORIA-02.jpg\" rel=\"noreferrer\" data-rel=\"iLightbox[gallery_image_1]\" class=\"fusion-lightbox\" target=\"_self\"><img decoding=\"async\" src=\"https:\/\/flpsa.ch\/index\/wp-content\/uploads\/2020\/05\/690x250px-header-STORIA-02.jpg\" width=\"690\" height=\"250\" alt=\"\" title=\"690x250px-header-STORIA-02\" aria-label=\"690x250px-header-STORIA-02\" class=\"img-responsive wp-image-3897\" srcset=\"https:\/\/flpsa.ch\/index\/wp-content\/uploads\/2020\/05\/690x250px-header-STORIA-02-200x72.jpg 200w, https:\/\/flpsa.ch\/index\/wp-content\/uploads\/2020\/05\/690x250px-header-STORIA-02-400x145.jpg 400w, https:\/\/flpsa.ch\/index\/wp-content\/uploads\/2020\/05\/690x250px-header-STORIA-02-600x217.jpg 600w, https:\/\/flpsa.ch\/index\/wp-content\/uploads\/2020\/05\/690x250px-header-STORIA-02.jpg 690w\" sizes=\"(min-width: 2200px) 100vw, (min-width: 732px) 698px, (min-width: 640px) 732px, \" \/><\/a><\/div><\/div><div style=\"padding:5px;\" class=\"fusion-grid-column fusion-gallery-column fusion-gallery-column-2\"><div class=\"fusion-gallery-image fusion-gallery-image-liftup\"><a href=\"https:\/\/flpsa.ch\/index\/wp-content\/uploads\/2020\/05\/690x250px-header-STORIA-03.jpg\" rel=\"noreferrer\" data-rel=\"iLightbox[gallery_image_1]\" class=\"fusion-lightbox\" target=\"_self\"><img decoding=\"async\" src=\"https:\/\/flpsa.ch\/index\/wp-content\/uploads\/2020\/05\/690x250px-header-STORIA-03.jpg\" width=\"690\" height=\"250\" alt=\"\" title=\"690x250px-header-STORIA-03\" aria-label=\"690x250px-header-STORIA-03\" class=\"img-responsive wp-image-3898\" srcset=\"https:\/\/flpsa.ch\/index\/wp-content\/uploads\/2020\/05\/690x250px-header-STORIA-03-200x72.jpg 200w, https:\/\/flpsa.ch\/index\/wp-content\/uploads\/2020\/05\/690x250px-header-STORIA-03-400x145.jpg 400w, https:\/\/flpsa.ch\/index\/wp-content\/uploads\/2020\/05\/690x250px-header-STORIA-03-600x217.jpg 600w, https:\/\/flpsa.ch\/index\/wp-content\/uploads\/2020\/05\/690x250px-header-STORIA-03.jpg 690w\" sizes=\"(min-width: 2200px) 100vw, (min-width: 732px) 698px, (min-width: 640px) 732px, \" \/><\/a><\/div><\/div><div class=\"clearfix\"><\/div><div style=\"padding:5px;\" class=\"fusion-grid-column fusion-gallery-column fusion-gallery-column-2\"><div class=\"fusion-gallery-image fusion-gallery-image-liftup\"><a href=\"https:\/\/flpsa.ch\/index\/wp-content\/uploads\/2020\/05\/690x250px-header-STORIA-04.jpg\" rel=\"noreferrer\" data-rel=\"iLightbox[gallery_image_1]\" class=\"fusion-lightbox\" target=\"_self\"><img decoding=\"async\" src=\"https:\/\/flpsa.ch\/index\/wp-content\/uploads\/2020\/05\/690x250px-header-STORIA-04.jpg\" width=\"690\" height=\"250\" alt=\"\" title=\"690x250px-header-STORIA-04\" aria-label=\"690x250px-header-STORIA-04\" class=\"img-responsive wp-image-3899\" srcset=\"https:\/\/flpsa.ch\/index\/wp-content\/uploads\/2020\/05\/690x250px-header-STORIA-04-200x72.jpg 200w, https:\/\/flpsa.ch\/index\/wp-content\/uploads\/2020\/05\/690x250px-header-STORIA-04-400x145.jpg 400w, https:\/\/flpsa.ch\/index\/wp-content\/uploads\/2020\/05\/690x250px-header-STORIA-04-600x217.jpg 600w, https:\/\/flpsa.ch\/index\/wp-content\/uploads\/2020\/05\/690x250px-header-STORIA-04.jpg 690w\" sizes=\"(min-width: 2200px) 100vw, (min-width: 732px) 698px, (min-width: 640px) 732px, \" \/><\/a><\/div><\/div><div style=\"padding:5px;\" class=\"fusion-grid-column fusion-gallery-column fusion-gallery-column-2\"><div class=\"fusion-gallery-image fusion-gallery-image-liftup\"><a href=\"https:\/\/flpsa.ch\/index\/wp-content\/uploads\/2020\/05\/690x250px-header-STORIA-01.jpg\" rel=\"noreferrer\" data-rel=\"iLightbox[gallery_image_1]\" class=\"fusion-lightbox\" target=\"_self\"><img decoding=\"async\" src=\"https:\/\/flpsa.ch\/index\/wp-content\/uploads\/2020\/05\/690x250px-header-STORIA-01.jpg\" width=\"690\" height=\"250\" alt=\"\" title=\"690x250px-header-STORIA-01\" aria-label=\"690x250px-header-STORIA-01\" class=\"img-responsive wp-image-3900\" srcset=\"https:\/\/flpsa.ch\/index\/wp-content\/uploads\/2020\/05\/690x250px-header-STORIA-01-200x72.jpg 200w, https:\/\/flpsa.ch\/index\/wp-content\/uploads\/2020\/05\/690x250px-header-STORIA-01-400x145.jpg 400w, https:\/\/flpsa.ch\/index\/wp-content\/uploads\/2020\/05\/690x250px-header-STORIA-01-600x217.jpg 600w, https:\/\/flpsa.ch\/index\/wp-content\/uploads\/2020\/05\/690x250px-header-STORIA-01.jpg 690w\" sizes=\"(min-width: 2200px) 100vw, (min-width: 732px) 698px, (min-width: 640px) 732px, \" \/><\/a><\/div><\/div><div class=\"clearfix\"><\/div><div style=\"padding:5px;\" class=\"fusion-grid-column fusion-gallery-column fusion-gallery-column-2\"><div class=\"fusion-gallery-image fusion-gallery-image-liftup\"><a href=\"https:\/\/flpsa.ch\/index\/wp-content\/uploads\/2020\/05\/690x250px-header-STORIA-06.jpg\" rel=\"noreferrer\" data-rel=\"iLightbox[gallery_image_1]\" class=\"fusion-lightbox\" target=\"_self\"><img decoding=\"async\" src=\"https:\/\/flpsa.ch\/index\/wp-content\/uploads\/2020\/05\/690x250px-header-STORIA-06.jpg\" width=\"690\" height=\"250\" alt=\"\" title=\"690x250px-header-STORIA-06\" aria-label=\"690x250px-header-STORIA-06\" class=\"img-responsive wp-image-3901\" srcset=\"https:\/\/flpsa.ch\/index\/wp-content\/uploads\/2020\/05\/690x250px-header-STORIA-06-200x72.jpg 200w, https:\/\/flpsa.ch\/index\/wp-content\/uploads\/2020\/05\/690x250px-header-STORIA-06-400x145.jpg 400w, https:\/\/flpsa.ch\/index\/wp-content\/uploads\/2020\/05\/690x250px-header-STORIA-06-600x217.jpg 600w, https:\/\/flpsa.ch\/index\/wp-content\/uploads\/2020\/05\/690x250px-header-STORIA-06.jpg 690w\" sizes=\"(min-width: 2200px) 100vw, (min-width: 732px) 698px, (min-width: 640px) 732px, \" \/><\/a><\/div><\/div><div style=\"padding:5px;\" class=\"fusion-grid-column fusion-gallery-column fusion-gallery-column-2\"><div class=\"fusion-gallery-image fusion-gallery-image-liftup\"><a href=\"https:\/\/flpsa.ch\/index\/wp-content\/uploads\/2020\/05\/690x250px-header-STORIA-05.jpg\" rel=\"noreferrer\" data-rel=\"iLightbox[gallery_image_1]\" class=\"fusion-lightbox\" target=\"_self\"><img decoding=\"async\" src=\"https:\/\/flpsa.ch\/index\/wp-content\/uploads\/2020\/05\/690x250px-header-STORIA-05.jpg\" width=\"690\" height=\"250\" alt=\"\" title=\"690x250px-header-STORIA-05\" aria-label=\"690x250px-header-STORIA-05\" class=\"img-responsive wp-image-3896\" srcset=\"https:\/\/flpsa.ch\/index\/wp-content\/uploads\/2020\/05\/690x250px-header-STORIA-05-200x72.jpg 200w, https:\/\/flpsa.ch\/index\/wp-content\/uploads\/2020\/05\/690x250px-header-STORIA-05-400x145.jpg 400w, https:\/\/flpsa.ch\/index\/wp-content\/uploads\/2020\/05\/690x250px-header-STORIA-05-600x217.jpg 600w, https:\/\/flpsa.ch\/index\/wp-content\/uploads\/2020\/05\/690x250px-header-STORIA-05.jpg 690w\" sizes=\"(min-width: 2200px) 100vw, (min-width: 732px) 698px, (min-width: 640px) 732px, \" \/><\/a><\/div><\/div><div class=\"clearfix\"><\/div><div style=\"padding:5px;\" class=\"fusion-grid-column fusion-gallery-column fusion-gallery-column-2\"><div class=\"fusion-gallery-image fusion-gallery-image-liftup\"><a href=\"https:\/\/flpsa.ch\/index\/wp-content\/uploads\/2020\/06\/690x250px-rotabile-BE412.jpg\" rel=\"noreferrer\" data-rel=\"iLightbox[gallery_image_1]\" class=\"fusion-lightbox\" target=\"_self\"><img decoding=\"async\" src=\"https:\/\/flpsa.ch\/index\/wp-content\/uploads\/2020\/06\/690x250px-rotabile-BE412.jpg\" width=\"690\" height=\"250\" alt=\"\" title=\"690x250px-rotabile-BE412\" aria-label=\"690x250px-rotabile-BE412\" class=\"img-responsive wp-image-4947\" srcset=\"https:\/\/flpsa.ch\/index\/wp-content\/uploads\/2020\/06\/690x250px-rotabile-BE412-200x72.jpg 200w, https:\/\/flpsa.ch\/index\/wp-content\/uploads\/2020\/06\/690x250px-rotabile-BE412-400x145.jpg 400w, https:\/\/flpsa.ch\/index\/wp-content\/uploads\/2020\/06\/690x250px-rotabile-BE412-600x217.jpg 600w, https:\/\/flpsa.ch\/index\/wp-content\/uploads\/2020\/06\/690x250px-rotabile-BE412.jpg 690w\" sizes=\"(min-width: 2200px) 100vw, (min-width: 732px) 698px, (min-width: 640px) 732px, \" \/><\/a><\/div><\/div><div style=\"padding:5px;\" class=\"fusion-grid-column fusion-gallery-column fusion-gallery-column-2\"><div class=\"fusion-gallery-image fusion-gallery-image-liftup\"><a href=\"https:\/\/flpsa.ch\/index\/wp-content\/uploads\/2022\/09\/treno2022.jpg\" rel=\"noreferrer\" data-rel=\"iLightbox[gallery_image_1]\" class=\"fusion-lightbox\" target=\"_self\"><img decoding=\"async\" src=\"https:\/\/flpsa.ch\/index\/wp-content\/uploads\/2022\/09\/treno2022.jpg\" width=\"1000\" height=\"362\" alt=\"\" title=\"treno2022\" aria-label=\"treno2022\" class=\"img-responsive wp-image-8881\" srcset=\"https:\/\/flpsa.ch\/index\/wp-content\/uploads\/2022\/09\/treno2022-200x72.jpg 200w, https:\/\/flpsa.ch\/index\/wp-content\/uploads\/2022\/09\/treno2022-400x145.jpg 400w, https:\/\/flpsa.ch\/index\/wp-content\/uploads\/2022\/09\/treno2022-600x217.jpg 600w, https:\/\/flpsa.ch\/index\/wp-content\/uploads\/2022\/09\/treno2022-800x290.jpg 800w, https:\/\/flpsa.ch\/index\/wp-content\/uploads\/2022\/09\/treno2022.jpg 1000w\" sizes=\"(min-width: 2200px) 100vw, (min-width: 732px) 698px, (min-width: 640px) 732px, \" \/><\/a><\/div><\/div><div class=\"clearfix\"><\/div><\/div><\/div><div class=\"fusion-clearfix\"><\/div><\/div><\/div><\/div><\/div><\/p>\n","protected":false},"excerpt":{"rendered":"","protected":false},"author":6,"featured_media":0,"parent":0,"menu_order":0,"comment_status":"closed","ping_status":"closed","template":"100-width.php","meta":{"_acf_changed":false,"footnotes":""},"class_list":["post-8925","page","type-page","status-publish","hentry"],"acf":[],"_links":{"self":[{"href":"https:\/\/flpsa.ch\/index\/fr\/wp-json\/wp\/v2\/pages\/8925","targetHints":{"allow":["GET"]}}],"collection":[{"href":"https:\/\/flpsa.ch\/index\/fr\/wp-json\/wp\/v2\/pages"}],"about":[{"href":"https:\/\/flpsa.ch\/index\/fr\/wp-json\/wp\/v2\/types\/page"}],"author":[{"embeddable":true,"href":"https:\/\/flpsa.ch\/index\/fr\/wp-json\/wp\/v2\/users\/6"}],"replies":[{"embeddable":true,"href":"https:\/\/flpsa.ch\/index\/fr\/wp-json\/wp\/v2\/comments?post=8925"}],"version-history":[{"count":5,"href":"https:\/\/flpsa.ch\/index\/fr\/wp-json\/wp\/v2\/pages\/8925\/revisions"}],"predecessor-version":[{"id":8957,"href":"https:\/\/flpsa.ch\/index\/fr\/wp-json\/wp\/v2\/pages\/8925\/revisions\/8957"}],"wp:attachment":[{"href":"https:\/\/flpsa.ch\/index\/fr\/wp-json\/wp\/v2\/media?parent=8925"}],"curies":[{"name":"wp","href":"https:\/\/api.w.org\/{rel}","templated":true}]}}