{"id":3928,"date":"2020-05-20T16:10:07","date_gmt":"2020-05-20T16:10:07","guid":{"rendered":"https:\/\/flpcorp.swissbix.com\/index\/?page_id=3928"},"modified":"2023-06-21T08:51:42","modified_gmt":"2023-06-21T07:51:42","slug":"sicurezza","status":"publish","type":"page","link":"https:\/\/flpsa.ch\/index\/sicurezza\/","title":{"rendered":"Sicurezza"},"content":{"rendered":"<div class=\"fusion-fullwidth fullwidth-box fusion-builder-row-1 has-pattern-background has-mask-background nonhundred-percent-fullwidth non-hundred-percent-height-scrolling\" style=\"--awb-background-position:left top;--awb-border-sizes-top:0px;--awb-border-sizes-bottom:0px;--awb-border-sizes-left:0px;--awb-border-sizes-right:0px;--awb-border-radius-top-left:0px;--awb-border-radius-top-right:0px;--awb-border-radius-bottom-right:0px;--awb-border-radius-bottom-left:0px;--awb-padding-top:0px;--awb-margin-top:50px;--awb-margin-bottom:60px;--awb-flex-wrap:wrap;\" ><div class=\"fusion-builder-row fusion-row\"><div class=\"fusion-layout-column fusion_builder_column fusion-builder-column-0 fusion_builder_column_1_1 1_1 fusion-one-full fusion-column-first fusion-column-last fusion-column-no-min-height\" style=\"--awb-bg-size:cover;--awb-margin-bottom:0px;\"><div class=\"fusion-column-wrapper fusion-column-has-shadow fusion-flex-column-wrapper-legacy\"><div class=\"fusion-text fusion-text-1\" style=\"--awb-text-color:var(--awb-color8);\"><h1><span style=\"color: #000000;\">LA VOSTRA <strong>SICUREZZA<\/strong> \u00c8 UNA NOSTRA <strong>PRIORIT\u00c0<\/strong><\/span><\/h1>\n<\/div><div class=\"fusion-clearfix\"><\/div><\/div><\/div><div class=\"fusion-layout-column fusion_builder_column fusion-builder-column-1 fusion_builder_column_1_3 1_3 fusion-one-third fusion-column-first fusion-column-no-min-height\" style=\"--awb-padding-top:60px;--awb-bg-size:cover;width:30.6666%; margin-right: 4%;\"><div class=\"fusion-column-wrapper fusion-column-has-shadow fusion-flex-column-wrapper-legacy\"><div class=\"fusion-image-element fusion-image-align-center in-legacy-container\" style=\"text-align:center;--awb-caption-title-font-family:var(--h2_typography-font-family);--awb-caption-title-font-weight:var(--h2_typography-font-weight);--awb-caption-title-font-style:var(--h2_typography-font-style);--awb-caption-title-size:var(--h2_typography-font-size);--awb-caption-title-transform:var(--h2_typography-text-transform);--awb-caption-title-line-height:var(--h2_typography-line-height);--awb-caption-title-letter-spacing:var(--h2_typography-letter-spacing);\"><div class=\"imageframe-align-center\"><span class=\" fusion-imageframe imageframe-none imageframe-1 hover-type-none\"><img decoding=\"async\" width=\"480\" height=\"480\" title=\"img_binari-480&#215;480\" src=\"https:\/\/flpcorp.swissbix.com\/index\/wp-content\/uploads\/2020\/05\/img_binari-480x480-1.png\" alt class=\"img-responsive wp-image-3934\" srcset=\"https:\/\/flpsa.ch\/index\/wp-content\/uploads\/2020\/05\/img_binari-480x480-1-200x200.png 200w, https:\/\/flpsa.ch\/index\/wp-content\/uploads\/2020\/05\/img_binari-480x480-1-400x400.png 400w, https:\/\/flpsa.ch\/index\/wp-content\/uploads\/2020\/05\/img_binari-480x480-1.png 480w\" sizes=\"(max-width: 1100px) 100vw, 480px\" \/><\/span><\/div><\/div><div class=\"fusion-text fusion-text-2\"><p>\u00c8 severamente <strong>vietato l\u2019attraversamento dei binari<\/strong>. Il pericolo di un treno in arrivo \u00e8 sempre sottovalutato, \u00e8 importante sapere che un convoglio ferroviario necessita di un lungo spazio di frenata per arrestarsi completamente. <strong>Rispetta sempre la segnaletica<\/strong>, cos\u00ec come le barriere chiuse ai passaggi a livello.<\/p>\n<p>Anche se hai fretta ricorda che <strong>la sicurezza viene prima di tutto!<\/strong><\/p>\n<\/div><div class=\"fusion-clearfix\"><\/div><\/div><\/div><div class=\"fusion-layout-column fusion_builder_column fusion-builder-column-2 fusion_builder_column_1_3 1_3 fusion-one-third fusion-column-no-min-height\" style=\"--awb-padding-top:60px;--awb-bg-size:cover;width:30.6666%; margin-right: 4%;\"><div class=\"fusion-column-wrapper fusion-column-has-shadow fusion-flex-column-wrapper-legacy\"><div class=\"fusion-image-element fusion-image-align-center in-legacy-container\" style=\"text-align:center;--awb-caption-title-font-family:var(--h2_typography-font-family);--awb-caption-title-font-weight:var(--h2_typography-font-weight);--awb-caption-title-font-style:var(--h2_typography-font-style);--awb-caption-title-size:var(--h2_typography-font-size);--awb-caption-title-transform:var(--h2_typography-text-transform);--awb-caption-title-line-height:var(--h2_typography-line-height);--awb-caption-title-letter-spacing:var(--h2_typography-letter-spacing);\"><div class=\"imageframe-align-center\"><span class=\" fusion-imageframe imageframe-none imageframe-2 hover-type-none\"><img decoding=\"async\" width=\"480\" height=\"480\" title=\"img_linea_sicurezza-480&#215;480\" src=\"https:\/\/flpcorp.swissbix.com\/index\/wp-content\/uploads\/2020\/05\/img_linea_sicurezza-480x480-1.png\" alt class=\"img-responsive wp-image-3933\" srcset=\"https:\/\/flpsa.ch\/index\/wp-content\/uploads\/2020\/05\/img_linea_sicurezza-480x480-1-200x200.png 200w, https:\/\/flpsa.ch\/index\/wp-content\/uploads\/2020\/05\/img_linea_sicurezza-480x480-1-400x400.png 400w, https:\/\/flpsa.ch\/index\/wp-content\/uploads\/2020\/05\/img_linea_sicurezza-480x480-1.png 480w\" sizes=\"(max-width: 1100px) 100vw, 480px\" \/><\/span><\/div><\/div><div class=\"fusion-text fusion-text-3\"><p>Le <strong>linee bianche<\/strong> sul marciapiede segnalano la distanza minima di <strong>sicurezza<\/strong> dai binari; fino al momento di salire sul treno attendere sempre dietro a questa linea.<\/p>\n<p><strong>\u00c8 assolutamente proibito sedersi sul bordo dei marciapiedi<\/strong>, questo comportamento potrebbe mettere in pericolo la vostra vita e quella degli altri utenti.<\/p>\n<\/div><div class=\"fusion-clearfix\"><\/div><\/div><\/div><div class=\"fusion-layout-column fusion_builder_column fusion-builder-column-3 fusion_builder_column_1_3 1_3 fusion-one-third fusion-column-last fusion-column-no-min-height\" style=\"--awb-padding-top:60px;--awb-bg-size:cover;width:30.6666%;\"><div class=\"fusion-column-wrapper fusion-column-has-shadow fusion-flex-column-wrapper-legacy\"><div class=\"fusion-image-element fusion-image-align-center in-legacy-container\" style=\"text-align:center;--awb-caption-title-font-family:var(--h2_typography-font-family);--awb-caption-title-font-weight:var(--h2_typography-font-weight);--awb-caption-title-font-style:var(--h2_typography-font-style);--awb-caption-title-size:var(--h2_typography-font-size);--awb-caption-title-transform:var(--h2_typography-text-transform);--awb-caption-title-line-height:var(--h2_typography-line-height);--awb-caption-title-letter-spacing:var(--h2_typography-letter-spacing);\"><div class=\"imageframe-align-center\"><span class=\" fusion-imageframe imageframe-none imageframe-3 hover-type-none\"><img decoding=\"async\" width=\"480\" height=\"480\" title=\"img_volume-480&#215;480\" src=\"https:\/\/flpcorp.swissbix.com\/index\/wp-content\/uploads\/2020\/05\/img_volume-480x480-1.png\" alt class=\"img-responsive wp-image-3932\" srcset=\"https:\/\/flpsa.ch\/index\/wp-content\/uploads\/2020\/05\/img_volume-480x480-1-200x200.png 200w, https:\/\/flpsa.ch\/index\/wp-content\/uploads\/2020\/05\/img_volume-480x480-1-400x400.png 400w, https:\/\/flpsa.ch\/index\/wp-content\/uploads\/2020\/05\/img_volume-480x480-1.png 480w\" sizes=\"(max-width: 1100px) 100vw, 480px\" \/><\/span><\/div><\/div><div class=\"fusion-text fusion-text-4\"><p><strong>\u00c8 vietato<\/strong> utilizzare apparecchi musicali ad alto volume, produrre schiamazzi, canti ed altri<strong> rumori molesti che possano essere di disturbo<\/strong> alla quiete degli altri passeggeri.<\/p>\n<p>Per evitare di disturbare gli altri passeggeri utilizza gli auricolari o le cuffiette.<\/p>\n<\/div><div class=\"fusion-clearfix\"><\/div><\/div><\/div><div class=\"fusion-layout-column fusion_builder_column fusion-builder-column-4 fusion_builder_column_1_3 1_3 fusion-one-third fusion-column-first fusion-column-no-min-height\" style=\"--awb-padding-top:60px;--awb-bg-size:cover;width:30.6666%; margin-right: 4%;\"><div class=\"fusion-column-wrapper fusion-column-has-shadow fusion-flex-column-wrapper-legacy\"><div class=\"fusion-image-element fusion-image-align-center in-legacy-container\" style=\"text-align:center;--awb-caption-title-font-family:var(--h2_typography-font-family);--awb-caption-title-font-weight:var(--h2_typography-font-weight);--awb-caption-title-font-style:var(--h2_typography-font-style);--awb-caption-title-size:var(--h2_typography-font-size);--awb-caption-title-transform:var(--h2_typography-text-transform);--awb-caption-title-line-height:var(--h2_typography-line-height);--awb-caption-title-letter-spacing:var(--h2_typography-letter-spacing);\"><div class=\"imageframe-align-center\"><span class=\" fusion-imageframe imageframe-none imageframe-4 hover-type-none\"><img decoding=\"async\" width=\"480\" height=\"480\" title=\"img_zaino-480&#215;480\" src=\"https:\/\/flpcorp.swissbix.com\/index\/wp-content\/uploads\/2020\/05\/img_zaino-480x480-1.png\" alt class=\"img-responsive wp-image-3931\" srcset=\"https:\/\/flpsa.ch\/index\/wp-content\/uploads\/2020\/05\/img_zaino-480x480-1-200x200.png 200w, https:\/\/flpsa.ch\/index\/wp-content\/uploads\/2020\/05\/img_zaino-480x480-1-400x400.png 400w, https:\/\/flpsa.ch\/index\/wp-content\/uploads\/2020\/05\/img_zaino-480x480-1.png 480w\" sizes=\"(max-width: 1100px) 100vw, 480px\" \/><\/span><\/div><\/div><div class=\"fusion-text fusion-text-5\"><p>Per evitare di urtare gli altri passeggeri e ostruirne il passaggio, <strong>posate a terra gli zaini<\/strong>. Se avete pacchi o borse ingombranti, cercate un posto dove possano essere di minor intralcio possibile.<\/p>\n<p>\u00c8 inoltre <strong>vietato<\/strong> arrecare disturbo, importunare o avere <strong>comportamenti irrispettosi<\/strong>, nei confronti degli altri utenti e del personale di servizio.<\/p>\n<\/div><div class=\"fusion-clearfix\"><\/div><\/div><\/div><div class=\"fusion-layout-column fusion_builder_column fusion-builder-column-5 fusion_builder_column_1_3 1_3 fusion-one-third fusion-column-no-min-height\" style=\"--awb-padding-top:60px;--awb-bg-size:cover;width:30.6666%; margin-right: 4%;\"><div class=\"fusion-column-wrapper fusion-column-has-shadow fusion-flex-column-wrapper-legacy\"><div class=\"fusion-image-element fusion-image-align-center in-legacy-container\" style=\"text-align:center;--awb-caption-title-font-family:var(--h2_typography-font-family);--awb-caption-title-font-weight:var(--h2_typography-font-weight);--awb-caption-title-font-style:var(--h2_typography-font-style);--awb-caption-title-size:var(--h2_typography-font-size);--awb-caption-title-transform:var(--h2_typography-text-transform);--awb-caption-title-line-height:var(--h2_typography-line-height);--awb-caption-title-letter-spacing:var(--h2_typography-letter-spacing);\"><div class=\"imageframe-align-center\"><span class=\" fusion-imageframe imageframe-none imageframe-5 hover-type-none\"><img decoding=\"async\" width=\"480\" height=\"480\" title=\"img_biglietto-480&#215;480\" src=\"https:\/\/flpcorp.swissbix.com\/index\/wp-content\/uploads\/2020\/05\/img_biglietto-480x480-1.png\" alt class=\"img-responsive wp-image-3930\" srcset=\"https:\/\/flpsa.ch\/index\/wp-content\/uploads\/2020\/05\/img_biglietto-480x480-1-200x200.png 200w, https:\/\/flpsa.ch\/index\/wp-content\/uploads\/2020\/05\/img_biglietto-480x480-1-400x400.png 400w, https:\/\/flpsa.ch\/index\/wp-content\/uploads\/2020\/05\/img_biglietto-480x480-1.png 480w\" sizes=\"(max-width: 1100px) 100vw, 480px\" \/><\/span><\/div><\/div><div class=\"fusion-text fusion-text-6\"><p><strong>Controllate<\/strong> prima di salire di avere sempre un <strong>titolo di trasporto valido<\/strong> e, se richiesto, presentatelo al personale addetto ai controlli. Ricordate che sui treni non \u00e8 possibile l\u2019acquisto di titoli di trasporto.<\/p>\n<p>Le <strong>biciclette<\/strong> possono essere trasportate solo in alcune fasce orarie, se lo spazio lo consente e previo acquisto di un <strong>biglietto \u00bd prezzo<\/strong> per le zone d\u2019utilizzo.<\/p>\n<\/div><div class=\"fusion-clearfix\"><\/div><\/div><\/div><div class=\"fusion-layout-column fusion_builder_column fusion-builder-column-6 fusion_builder_column_1_3 1_3 fusion-one-third fusion-column-last fusion-column-no-min-height\" style=\"--awb-padding-top:60px;--awb-bg-size:cover;width:30.6666%;\"><div class=\"fusion-column-wrapper fusion-column-has-shadow fusion-flex-column-wrapper-legacy\"><div class=\"fusion-image-element fusion-image-align-center in-legacy-container\" style=\"text-align:center;--awb-caption-title-font-family:var(--h2_typography-font-family);--awb-caption-title-font-weight:var(--h2_typography-font-weight);--awb-caption-title-font-style:var(--h2_typography-font-style);--awb-caption-title-size:var(--h2_typography-font-size);--awb-caption-title-transform:var(--h2_typography-text-transform);--awb-caption-title-line-height:var(--h2_typography-line-height);--awb-caption-title-letter-spacing:var(--h2_typography-letter-spacing);\"><div class=\"imageframe-align-center\"><span class=\" fusion-imageframe imageframe-none imageframe-6 hover-type-none\"><img decoding=\"async\" width=\"480\" height=\"480\" title=\"img_scalino-480&#215;480\" src=\"https:\/\/flpcorp.swissbix.com\/index\/wp-content\/uploads\/2020\/05\/img_scalino-480x480-1.png\" alt class=\"img-responsive wp-image-3937\" srcset=\"https:\/\/flpsa.ch\/index\/wp-content\/uploads\/2020\/05\/img_scalino-480x480-1-200x200.png 200w, https:\/\/flpsa.ch\/index\/wp-content\/uploads\/2020\/05\/img_scalino-480x480-1-400x400.png 400w, https:\/\/flpsa.ch\/index\/wp-content\/uploads\/2020\/05\/img_scalino-480x480-1.png 480w\" sizes=\"(max-width: 1100px) 100vw, 480px\" \/><\/span><\/div><\/div><div class=\"fusion-text fusion-text-7\"><p>Non abbiate fretta, prima di salire anche se le porte sono gi\u00e0 aperte, <strong>premete sempre il pulsante<\/strong> per mantenere lo scalino in posizione.<\/p>\n<p>Date sempre <strong>precedenza a chi deve scendere<\/strong>, poi salite senza spingere.<\/p>\n<\/div><div class=\"fusion-clearfix\"><\/div><\/div><\/div><div class=\"fusion-layout-column fusion_builder_column fusion-builder-column-7 fusion_builder_column_1_3 1_3 fusion-one-third fusion-column-first fusion-column-no-min-height\" style=\"--awb-padding-top:60px;--awb-bg-size:cover;width:30.6666%; margin-right: 4%;\"><div class=\"fusion-column-wrapper fusion-column-has-shadow fusion-flex-column-wrapper-legacy\"><div class=\"fusion-image-element fusion-image-align-center in-legacy-container\" style=\"text-align:center;--awb-caption-title-font-family:var(--h2_typography-font-family);--awb-caption-title-font-weight:var(--h2_typography-font-weight);--awb-caption-title-font-style:var(--h2_typography-font-style);--awb-caption-title-size:var(--h2_typography-font-size);--awb-caption-title-transform:var(--h2_typography-text-transform);--awb-caption-title-line-height:var(--h2_typography-line-height);--awb-caption-title-letter-spacing:var(--h2_typography-letter-spacing);\"><div class=\"imageframe-align-center\"><span class=\" fusion-imageframe imageframe-none imageframe-7 hover-type-none\"><img decoding=\"async\" width=\"480\" height=\"480\" title=\"img_galateo-480&#215;480\" src=\"https:\/\/flpcorp.swissbix.com\/index\/wp-content\/uploads\/2020\/05\/img_galateo-480x480-1.png\" alt class=\"img-responsive wp-image-3936\" srcset=\"https:\/\/flpsa.ch\/index\/wp-content\/uploads\/2020\/05\/img_galateo-480x480-1-200x200.png 200w, https:\/\/flpsa.ch\/index\/wp-content\/uploads\/2020\/05\/img_galateo-480x480-1-400x400.png 400w, https:\/\/flpsa.ch\/index\/wp-content\/uploads\/2020\/05\/img_galateo-480x480-1.png 480w\" sizes=\"(max-width: 1100px) 100vw, 480px\" \/><\/span><\/div><\/div><div class=\"fusion-text fusion-text-8\"><p>Non \u00e8 un diritto ma l\u2019educazione e il buon senso invitano a <strong>cedere i posti a sedere a persone anziane e donne in gravidanza<\/strong>. Le mamme con il passeggino, se in difficolt\u00e0, dovrebbero sempre essere aiutate a salire e scendere.<\/p>\n<p>Anche i giovani possono applicare questa regola.<\/p>\n<\/div><div class=\"fusion-clearfix\"><\/div><\/div><\/div><div class=\"fusion-layout-column fusion_builder_column fusion-builder-column-8 fusion_builder_column_1_3 1_3 fusion-one-third fusion-column-no-min-height\" style=\"--awb-padding-top:60px;--awb-bg-size:cover;width:30.6666%; margin-right: 4%;\"><div class=\"fusion-column-wrapper fusion-column-has-shadow fusion-flex-column-wrapper-legacy\"><div class=\"fusion-image-element fusion-image-align-center in-legacy-container\" style=\"text-align:center;--awb-caption-title-font-family:var(--h2_typography-font-family);--awb-caption-title-font-weight:var(--h2_typography-font-weight);--awb-caption-title-font-style:var(--h2_typography-font-style);--awb-caption-title-size:var(--h2_typography-font-size);--awb-caption-title-transform:var(--h2_typography-text-transform);--awb-caption-title-line-height:var(--h2_typography-line-height);--awb-caption-title-letter-spacing:var(--h2_typography-letter-spacing);\"><div class=\"imageframe-align-center\"><span class=\" fusion-imageframe imageframe-none imageframe-8 hover-type-none\"><img decoding=\"async\" width=\"480\" height=\"480\" title=\"img_giochi-480&#215;480\" src=\"https:\/\/flpcorp.swissbix.com\/index\/wp-content\/uploads\/2020\/05\/img_giochi-480x480-1.png\" alt class=\"img-responsive wp-image-3935\" srcset=\"https:\/\/flpsa.ch\/index\/wp-content\/uploads\/2020\/05\/img_giochi-480x480-1-200x200.png 200w, https:\/\/flpsa.ch\/index\/wp-content\/uploads\/2020\/05\/img_giochi-480x480-1-400x400.png 400w, https:\/\/flpsa.ch\/index\/wp-content\/uploads\/2020\/05\/img_giochi-480x480-1.png 480w\" sizes=\"(max-width: 1100px) 100vw, 480px\" \/><\/span><\/div><\/div><div class=\"fusion-text fusion-text-9\"><p>Per <strong>motivi di sicurezza<\/strong>, sui marciapiedi delle stazioni \u00e8 proibito qualsiasi genere di attivit\u00e0 che possa mettere in pericolo gli utenti. \u00c8 vietato in particolare l\u2019uso di biciclette, skateboards, monopattini, pattini a rotelle, biciclette, cos\u00ec come dei pi\u00f9 recenti airboards.<\/p>\n<p>Queste attivit\u00e0 vicino ai binari sono pericolose anche per coloro che aspettano il treno.<\/p>\n<\/div><div class=\"fusion-clearfix\"><\/div><\/div><\/div><\/div><\/div>\n","protected":false},"excerpt":{"rendered":"","protected":false},"author":6,"featured_media":0,"parent":0,"menu_order":0,"comment_status":"closed","ping_status":"closed","template":"100-width.php","meta":{"_acf_changed":false,"footnotes":""},"class_list":["post-3928","page","type-page","status-publish","hentry"],"acf":[],"_links":{"self":[{"href":"https:\/\/flpsa.ch\/index\/wp-json\/wp\/v2\/pages\/3928","targetHints":{"allow":["GET"]}}],"collection":[{"href":"https:\/\/flpsa.ch\/index\/wp-json\/wp\/v2\/pages"}],"about":[{"href":"https:\/\/flpsa.ch\/index\/wp-json\/wp\/v2\/types\/page"}],"author":[{"embeddable":true,"href":"https:\/\/flpsa.ch\/index\/wp-json\/wp\/v2\/users\/6"}],"replies":[{"embeddable":true,"href":"https:\/\/flpsa.ch\/index\/wp-json\/wp\/v2\/comments?post=3928"}],"version-history":[{"count":10,"href":"https:\/\/flpsa.ch\/index\/wp-json\/wp\/v2\/pages\/3928\/revisions"}],"predecessor-version":[{"id":9427,"href":"https:\/\/flpsa.ch\/index\/wp-json\/wp\/v2\/pages\/3928\/revisions\/9427"}],"wp:attachment":[{"href":"https:\/\/flpsa.ch\/index\/wp-json\/wp\/v2\/media?parent=3928"}],"curies":[{"name":"wp","href":"https:\/\/api.w.org\/{rel}","templated":true}]}}